{"id":287,"date":"2020-07-25T19:46:52","date_gmt":"2020-07-25T19:46:52","guid":{"rendered":"http:\/\/agecoldex.leonweb.tk\/?page_id=287"},"modified":"2022-07-19T19:17:30","modified_gmt":"2022-07-19T19:17:30","slug":"innovacion-tecnologica","status":"publish","type":"page","link":"https:\/\/www.agecoldex.com\/site\/innovacion-tecnologica\/","title":{"rendered":"Innovaci\u00f3n Tecnol\u00f3gica"},"content":{"rendered":"<div class=\"wpb-content-wrapper\"><p>[vc_row full_width=&#8221;stretch_row&#8221; css_animation=&#8221;fadeIn&#8221; css=&#8221;.vc_custom_1658258227574{padding-top: 10px !important;padding-bottom: 10px !important;background-image: url(https:\/\/www.agecoldex.com\/site\/wp-content\/uploads\/2020\/09\/innovacion-tecnologica-header.png?id=1851) !important;}&#8221; el_class=&#8221;banner&#8221;][vc_column][vc_column_text css=&#8221;.vc_custom_1600718623020{margin-top: 0px !important;margin-bottom: 0px !important;}&#8221; el_class=&#8221;texto-banner TShadow&#8221;]<\/p>\n<h2 style=\"text-align: left; color: #ddb41f;\"><span class=\"titulo-1\" style=\"color: #fff; font-size: 40px;\">Tecnolog\u00eda de punta para operaciones <\/span><br \/>\n<span class=\"titulo-2\" style=\"font-weight: bold; font-size: 45px;\">eficientes, seguras y oportunas<\/span><\/h2>\n<p>[\/vc_column_text][\/vc_column][\/vc_row][vc_row full_width=&#8221;stretch_row&#8221; css_animation=&#8221;slideInUp&#8221; el_class=&#8221;DecContent secciones&#8221;][vc_column][vc_row_inner css=&#8221;.vc_custom_1597264092098{padding-right: 100px !important;padding-left: 100px !important;}&#8221; el_class=&#8221;seccion-titulo-icono&#8221;][vc_column_inner][vc_empty_space height=&#8221;64px&#8221; el_class=&#8221;espacio&#8221;][vc_custom_heading text=&#8221;INNOVACI\u00d3N Y TECNOLOG\u00cdA&#8221; font_container=&#8221;tag:h3|text_align:center|color:%23132d8a&#8221; use_theme_fonts=&#8221;yes&#8221; el_class=&#8221;DecTitle&#8221;][vc_column_text]<\/p>\n<p style=\"text-align: center;\">Invertimos en tecnolog\u00eda de punta, para garantizar operaciones eficientes, seguras, confiables y oportunas, que respondan a las necesidades de nuestros clientes.<\/p>\n<p>[\/vc_column_text][vc_empty_space height=&#8221;64px&#8221; el_class=&#8221;espacio&#8221;][\/vc_column_inner][\/vc_row_inner][vc_separator style=&#8221;shadow&#8221; border_width=&#8221;2&#8243; el_width=&#8221;50&#8243;][vc_empty_space height=&#8221;64px&#8221; el_class=&#8221;espacio&#8221;][vc_row_inner equal_height=&#8221;yes&#8221; disable_element=&#8221;yes&#8221;][vc_column_inner width=&#8221;1\/2&#8243;][vc_single_image image=&#8221;389&#8243; img_size=&#8221;250&#215;59&#8243; alignment=&#8221;center&#8221; el_class=&#8221;imagen-teconologia&#8221;][vc_column_text]<\/p>\n<h3><strong>Implementamos de forma exitosa este sistema para brindarte:<\/strong><\/h3>\n<ul>\n<li>Procesos m\u00e1s \u00e1giles.<\/li>\n<li>Complementar el estado operativo y financiero de<br \/>\ncada operaci\u00f3n en tiempo real.<\/li>\n<li>Exactitud y generaci\u00f3n oportuna en la solicitud de<br \/>\nanticipos en las operaciones.<\/li>\n<li>Gesti\u00f3n de PQR&#8217;s, a trav\u00e9s de m\u00f3dulo CRM.<\/li>\n<li>An\u00e1lisis de las etapas del proceso operativo y<br \/>\nfinanciero, para identificar oportunidades de mejora.<\/li>\n<li>Integraci\u00f3n con diferentes sistemas de informaci\u00f3n.<\/li>\n<\/ul>\n<p>[\/vc_column_text][\/vc_column_inner][vc_column_inner width=&#8221;1\/2&#8243;][vc_single_image image=&#8221;390&#8243; img_size=&#8221;80&#215;88&#8243; alignment=&#8221;center&#8221; el_class=&#8221;imagen-teconologia&#8221;][vc_column_text]<\/p>\n<h3><strong>Implementamos este sistema propio (in-house), con tecnolog\u00edas Microsoft ASP. Net y base de datos Oracle.<\/strong><\/h3>\n<p>Est\u00e1 actualizado seg\u00fan los cambios regulatorios y ha ido evolucionando en respuesta a las necesidades de nuestros clientes.<\/p>\n<p>Permite acceso a informaci\u00f3n en tiempo real, como:<\/p>\n<ul>\n<li>Estados de la operaci\u00f3n.<\/li>\n<li>Indicadores de gesti\u00f3n.<\/li>\n<li>An\u00e1lisis de la operaci\u00f3n.<\/li>\n<li>Gesti\u00f3n de PQR&#8217;s, a trav\u00e9s de m\u00f3dulo CRM.<\/li>\n<li>Informe de ahorros por aplicaci\u00f3n de acuerdos comerciales.<\/li>\n<li>Saldos de registros de informaci\u00f3n.<\/li>\n<\/ul>\n<p>[\/vc_column_text][\/vc_column_inner][\/vc_row_inner][vc_row_inner equal_height=&#8221;yes&#8221; content_placement=&#8221;middle&#8221;][vc_column_inner width=&#8221;1\/4&#8243;][vc_single_image image=&#8221;389&#8243; img_size=&#8221;250&#215;59&#8243; alignment=&#8221;center&#8221; el_class=&#8221;imagen-teconologia&#8221;][\/vc_column_inner][vc_column_inner width=&#8221;3\/4&#8243;][vc_column_text]<\/p>\n<h3 style=\"font-size: 1.15rem;\"><strong>Implementamos de forma exitosa este sistema para brindarte:<\/strong><\/h3>\n<ul style=\"font-size: 17px; line-height: 1.55;\">\n<li>Procesos m\u00e1s \u00e1giles.<\/li>\n<li>Complementar el estado operativo y financiero de cada operaci\u00f3n en tiempo real.<\/li>\n<li>Exactitud y generaci\u00f3n oportuna en la solicitud de anticipos en las operaciones.<\/li>\n<li>Gesti\u00f3n de PQR&#8217;s, a trav\u00e9s de m\u00f3dulo CRM.<\/li>\n<li>An\u00e1lisis de las etapas del proceso operativo y financiero, para identificar oportunidades de mejora.<\/li>\n<li>Integraci\u00f3n con diferentes sistemas de informaci\u00f3n.<\/li>\n<li>Captura Inteligente y digitalizaci\u00f3n<\/li>\n<\/ul>\n<p>[\/vc_column_text][\/vc_column_inner][\/vc_row_inner][vc_empty_space][vc_row_inner equal_height=&#8221;yes&#8221; content_placement=&#8221;middle&#8221;][vc_column_inner width=&#8221;1\/4&#8243;][vc_single_image image=&#8221;390&#8243; img_size=&#8221;120&#215;132&#8243; alignment=&#8221;center&#8221; el_class=&#8221;imagen-teconologia&#8221;][\/vc_column_inner][vc_column_inner width=&#8221;3\/4&#8243;][vc_column_text]<\/p>\n<h3 style=\"font-size: 1.15rem;\"><strong>Implementamos este sistema propio (in-house),<br \/>\ncon tecnolog\u00edas Microsoft ASP. Net y base de datos Oracle.<\/strong><\/h3>\n<p style=\"margin: 0px;\"><span style=\"font-size: 17px; line-height: 1.55;\">Est\u00e1 actualizado seg\u00fan los cambios regulatorios y ha ido evolucionando en respuesta a las necesidades de nuestros clientes.<\/span><\/p>\n<p style=\"margin: 0px 0px 15px 0px;\"><span style=\"font-size: 17px; line-height: 1.55;\">Permite acceso a informaci\u00f3n en tiempo real, como:<\/span><\/p>\n<ul style=\"font-size: 17px; line-height: 1.55;\">\n<li>Estados de la operaci\u00f3n.<\/li>\n<li>Indicadores de gesti\u00f3n.<\/li>\n<li>An\u00e1lisis de la operaci\u00f3n.<\/li>\n<li>Gesti\u00f3n de PQR&#8217;s, a trav\u00e9s de m\u00f3dulo CRM.<\/li>\n<li>Informe de ahorros por aplicaci\u00f3n de acuerdos comerciales.<\/li>\n<li>Saldos de registros de informaci\u00f3n.<\/li>\n<\/ul>\n<p>[\/vc_column_text][\/vc_column_inner][\/vc_row_inner][vc_empty_space height=&#8221;64px&#8221; el_class=&#8221;espacio&#8221;][\/vc_column][\/vc_row][vc_row full_width=&#8221;stretch_row&#8221; css_animation=&#8221;none&#8221; el_class=&#8221;DecContent secciones seccion-conoce-servicios&#8221;][vc_column][vc_empty_space height=&#8221;64px&#8221; el_class=&#8221;espacio&#8221;][vc_custom_heading text=&#8221;SOMOS TU MEJOR OPCI\u00d3N&#8221; font_container=&#8221;tag:h3|text_align:center|color:%23132d8a&#8221; use_theme_fonts=&#8221;yes&#8221; el_class=&#8221;DecTitle&#8221;][vc_empty_space height=&#8221;64px&#8221; el_class=&#8221;espacio&#8221;][vc_row_inner equal_height=&#8221;yes&#8221;][vc_column_inner width=&#8221;1\/3&#8243;][vc_column_text css_animation=&#8221;slideInLeft&#8221;]<img loading=\"lazy\" class=\"wp-image-1920 size-full aligncenter\" src=\"https:\/\/www.agecoldex.com\/site\/wp-content\/uploads\/2020\/10\/Smto-1.png\" alt=\"\" width=\"200\" height=\"200\" srcset=\"https:\/\/www.agecoldex.com\/site\/wp-content\/uploads\/2020\/10\/Smto-1.png 200w, https:\/\/www.agecoldex.com\/site\/wp-content\/uploads\/2020\/10\/Smto-1-150x150.png 150w\" sizes=\"(max-width: 200px) 100vw, 200px\" \/><\/p>\n<h4 style=\"text-align: center; color: #132d8a;\">Innovaci\u00f3n Tecnol\u00f3gica<\/h4>\n<p style=\"text-align: center;\">Invertimos en tecnolog\u00eda de punta, para garantizar operaciones eficientes, seguras, confiables y oportunas, que respondan a las necesidades de nuestros clientes.<\/p>\n<p style=\"text-align: center;\"><a class=\"Btn-age\" href=\"\/site\/innovacion-tecnologica\/\">Ver m\u00e1s<\/a><\/p>\n<p>[\/vc_column_text][\/vc_column_inner][vc_column_inner width=&#8221;1\/3&#8243;][vc_column_text css_animation=&#8221;slideInUp&#8221;]<img loading=\"lazy\" class=\"size-full wp-image-1921 aligncenter\" src=\"https:\/\/www.agecoldex.com\/site\/wp-content\/uploads\/2020\/10\/Smto-2.png\" alt=\"\" width=\"200\" height=\"200\" srcset=\"https:\/\/www.agecoldex.com\/site\/wp-content\/uploads\/2020\/10\/Smto-2.png 200w, https:\/\/www.agecoldex.com\/site\/wp-content\/uploads\/2020\/10\/Smto-2-150x150.png 150w\" sizes=\"(max-width: 200px) 100vw, 200px\" \/><\/p>\n<h4 style=\"color: #132d8a; text-align: center;\">Certificaciones<\/h4>\n<p style=\"text-align: center;\">Contamos con certificaciones de importantes entes de control a nivel nacional que nos reconocen como una compa\u00f1\u00eda \u00edntegra en el apoyo y gesti\u00f3n de las operaciones de comercio internacional.<\/p>\n<p style=\"text-align: center;\">ISO 9001:2015<br \/>\nOEA<\/p>\n<p style=\"text-align: center;\"><a class=\"Btn-age\" href=\"\/site\/oea\/\">Ver m\u00e1s<\/a><\/p>\n<p>[\/vc_column_text][\/vc_column_inner][vc_column_inner width=&#8221;1\/3&#8243;][vc_column_text css_animation=&#8221;slideInRight&#8221;]<img loading=\"lazy\" class=\"wp-image-1922 size-full aligncenter\" src=\"https:\/\/www.agecoldex.com\/site\/wp-content\/uploads\/2020\/10\/Smto-3.png\" alt=\"\" width=\"200\" height=\"200\" srcset=\"https:\/\/www.agecoldex.com\/site\/wp-content\/uploads\/2020\/10\/Smto-3.png 200w, https:\/\/www.agecoldex.com\/site\/wp-content\/uploads\/2020\/10\/Smto-3-150x150.png 150w\" sizes=\"(max-width: 200px) 100vw, 200px\" \/><\/p>\n<h4 style=\"color: #132d8a; text-align: center;\">Promesa de servicio<\/h4>\n<p style=\"text-align: center;\">Tenemos la capacidad operativa necesaria que nos permite cumplir a nuestros clientes con tiempos de entrega de servicio altamente competitivos.<br \/>\nPara validar los tiempos por sucursal<\/p>\n<p style=\"text-align: center;\"><a class=\"Btn-age\" href=\"\/site\/servicios-logisticos-integrados\/\">Ver m\u00e1s<\/a><\/p>\n<p>[\/vc_column_text][\/vc_column_inner][\/vc_row_inner][vc_row_inner equal_height=&#8221;yes&#8221;][vc_column_inner width=&#8221;1\/6&#8243;][\/vc_column_inner][vc_column_inner width=&#8221;2\/6&#8243;][vc_column_text css_animation=&#8221;slideInUp&#8221;]<img loading=\"lazy\" class=\"wp-image-1923 size-full aligncenter\" src=\"https:\/\/www.agecoldex.com\/site\/wp-content\/uploads\/2020\/10\/Smto-4.png\" alt=\"\" width=\"200\" height=\"200\" srcset=\"https:\/\/www.agecoldex.com\/site\/wp-content\/uploads\/2020\/10\/Smto-4.png 200w, https:\/\/www.agecoldex.com\/site\/wp-content\/uploads\/2020\/10\/Smto-4-150x150.png 150w\" sizes=\"(max-width: 200px) 100vw, 200px\" \/><\/p>\n<h4 style=\"color: #132d8a; text-align: center;\">Afiliaciones<\/h4>\n<p style=\"text-align: center;\">ANALDEX<br \/>\nLEGISCOMEX<br \/>\nADICOMEX<br \/>\nFITAC<br \/>\nINFORMA COLOMBIA<br \/>\nC\u00e1maras de Comercio<\/p>\n<p style=\"text-align: center;\"><a class=\"Btn-age\" href=\"\/site\/servicios-logisticos-integrados\/\">Ver m\u00e1s<\/a><\/p>\n<p>[\/vc_column_text][\/vc_column_inner][vc_column_inner width=&#8221;2\/6&#8243;][vc_column_text css_animation=&#8221;slideInUp&#8221;]<img loading=\"lazy\" class=\"wp-image-1924 size-full aligncenter\" src=\"https:\/\/www.agecoldex.com\/site\/wp-content\/uploads\/2020\/10\/Smto-5.png\" alt=\"\" width=\"200\" height=\"200\" srcset=\"https:\/\/www.agecoldex.com\/site\/wp-content\/uploads\/2020\/10\/Smto-5.png 200w, https:\/\/www.agecoldex.com\/site\/wp-content\/uploads\/2020\/10\/Smto-5-150x150.png 150w\" sizes=\"(max-width: 200px) 100vw, 200px\" \/><\/p>\n<h4 style=\"color: #132d8a; text-align: center;\">P\u00f3liza<\/h4>\n<p style=\"text-align: center;\">Desde marzo 23 de 2011, contratamos la p\u00f3liza de responsabilidad civil por errores y omisiones con una cobertura de $400 mil USD, que nos permite proteger el patrimonio de nuestros clientes y el propio.<\/p>\n<p style=\"text-align: center;\"><a class=\"Btn-age\" href=\"\/site\/servicios-logisticos-integrados\/\">Ver m\u00e1s<\/a><\/p>\n<p>[\/vc_column_text][\/vc_column_inner][vc_column_inner width=&#8221;1\/6&#8243;][\/vc_column_inner][\/vc_row_inner][vc_empty_space height=&#8221;64px&#8221; el_class=&#8221;espacio&#8221;][\/vc_column][\/vc_row][vc_row full_width=&#8221;stretch_row&#8221; css_animation=&#8221;none&#8221; disable_element=&#8221;yes&#8221; el_class=&#8221;DecContent-items secciones&#8221;][vc_column][vc_empty_space height=&#8221;64px&#8221; el_class=&#8221;espacio&#8221;][vc_custom_heading text=&#8221;SOMOS TU MEJOR OPCI\u00d3N&#8221; font_container=&#8221;tag:h3|text_align:center|color:%23132d8a&#8221; use_theme_fonts=&#8221;yes&#8221; el_class=&#8221;DecTitle&#8221;][vc_empty_space height=&#8221;35px&#8221;][vc_row_inner equal_height=&#8221;yes&#8221; content_placement=&#8221;middle&#8221; gap=&#8221;35&#8243; el_class=&#8221;items-somos&#8221; css=&#8221;.vc_custom_1597862162981{background-image: url(https:\/\/www.agecoldex.com\/site\/wp-content\/uploads\/2020\/08\/fondo-somos-tu-mejor-opcion.png?id=854) !important;background-position: 0 0 !important;background-repeat: no-repeat !important;}&#8221;][vc_column_inner width=&#8221;1\/2&#8243; css=&#8221;.vc_custom_1597084456037{padding-right: 30px !important;padding-left: 30px !important;}&#8221;][vc_column_text css_animation=&#8221;slideInDown&#8221; el_class=&#8221;caja-somos&#8221; css=&#8221;.vc_custom_1597088119850{padding-top: 30px !important;padding-right: 15px !important;padding-bottom: 30px !important;padding-left: 15px !important;background-color: #ffffff !important;}&#8221;]<img loading=\"lazy\" class=\"size-medium wp-image-151 aligncenter\" src=\"https:\/\/agecoldex.leonweb.tk\/wp-content\/uploads\/2020\/07\/Componente-11-\u2013-12-300x300.png\" alt=\"\" width=\"300\" height=\"300\" srcset=\"https:\/\/www.agecoldex.com\/site\/wp-content\/uploads\/2020\/07\/Componente-11-\u2013-12-300x300.png 300w, https:\/\/www.agecoldex.com\/site\/wp-content\/uploads\/2020\/07\/Componente-11-\u2013-12-150x150.png 150w, https:\/\/www.agecoldex.com\/site\/wp-content\/uploads\/2020\/07\/Componente-11-\u2013-12.png 400w\" sizes=\"(max-width: 300px) 100vw, 300px\" \/><\/p>\n<h3 style=\"color: #132d8a; text-align: center;\">Innovaci\u00f3n Tecnol\u00f3gica<\/h3>\n<p style=\"text-align: center;\">Invertimos en tecnolog\u00eda de punta, para garantizar operaciones eficientes, seguras, confiables y oportunas, que respondan a las necesidades de nuestros clientes.<\/p>\n<p style=\"text-align: center;\"><a class=\"Btn-age\" href=\"\/site\/innovacion-tecnologica\/\">Ver m\u00e1s<\/a><\/p>\n<p>[\/vc_column_text][vc_empty_space][vc_column_text css_animation=&#8221;slideInDown&#8221; el_class=&#8221;caja-somos&#8221; css=&#8221;.vc_custom_1597088396177{padding-top: 15px !important;padding-right: 15px !important;padding-bottom: 15px !important;padding-left: 15px !important;background-color: #ffffff !important;}&#8221;]<img loading=\"lazy\" class=\"wp-image-153 size-medium aligncenter\" src=\"https:\/\/agecoldex.leonweb.tk\/wp-content\/uploads\/2020\/07\/Componente-14-\u2013-4-300x300.png\" alt=\"\" width=\"300\" height=\"300\" srcset=\"https:\/\/www.agecoldex.com\/site\/wp-content\/uploads\/2020\/07\/Componente-14-\u2013-4-300x300.png 300w, https:\/\/www.agecoldex.com\/site\/wp-content\/uploads\/2020\/07\/Componente-14-\u2013-4-150x150.png 150w, https:\/\/www.agecoldex.com\/site\/wp-content\/uploads\/2020\/07\/Componente-14-\u2013-4.png 400w\" sizes=\"(max-width: 300px) 100vw, 300px\" \/><\/p>\n<h3 style=\"color: #132d8a; text-align: center;\">Promesa de servicio<\/h3>\n<p style=\"text-align: center;\">Tenemos la capacidad operativa necesaria que nos permite cumplir a nuestros clientes con tiempos de entrega de servicio altamente competitivos.<br \/>\nPara validar los tiempos por sucursal<\/p>\n<p style=\"text-align: center;\"><a class=\"Btn-age\" href=\"\/site\/servicios-logisticos-integrados\/\">Ver m\u00e1s<\/a><\/p>\n<p>[\/vc_column_text][vc_empty_space][vc_column_text css_animation=&#8221;slideInDown&#8221; el_class=&#8221;caja-somos&#8221; css=&#8221;.vc_custom_1597087900435{padding-top: 15px !important;padding-right: 15px !important;padding-bottom: 15px !important;padding-left: 15px !important;background-color: #ffffff !important;}&#8221;]<img loading=\"lazy\" class=\"size-medium wp-image-155 aligncenter\" src=\"https:\/\/agecoldex.leonweb.tk\/wp-content\/uploads\/2020\/07\/Componente-17-\u2013-3-300x300.png\" alt=\"\" width=\"300\" height=\"300\" srcset=\"https:\/\/www.agecoldex.com\/site\/wp-content\/uploads\/2020\/07\/Componente-17-\u2013-3-300x300.png 300w, https:\/\/www.agecoldex.com\/site\/wp-content\/uploads\/2020\/07\/Componente-17-\u2013-3-150x150.png 150w, https:\/\/www.agecoldex.com\/site\/wp-content\/uploads\/2020\/07\/Componente-17-\u2013-3.png 400w\" sizes=\"(max-width: 300px) 100vw, 300px\" \/><\/p>\n<h3 style=\"color: #132d8a; text-align: center;\">P\u00f3liza<\/h3>\n<p style=\"text-align: center;\">Desde marzo 23 de 2011, contratamos la p\u00f3liza de responsabilidad civil por errores y omisiones con una cobertura de $400 mil USD, que nos permite proteger el patrimonio de nuestros clientes y el propio.<\/p>\n<p style=\"text-align: center;\"><a class=\"Btn-age\" href=\"\/site\/servicios-logisticos-integrados\/\">Ver m\u00e1s<\/a><\/p>\n<p>[\/vc_column_text][\/vc_column_inner][vc_column_inner width=&#8221;1\/2&#8243; css=&#8221;.vc_custom_1597084465427{padding-right: 30px !important;padding-left: 30px !important;}&#8221;][vc_column_text css_animation=&#8221;slideInDown&#8221; el_class=&#8221;caja-somos&#8221; css=&#8221;.vc_custom_1598651155006{padding-top: 30px !important;padding-right: 15px !important;padding-bottom: 30px !important;padding-left: 15px !important;background-color: #ffffff !important;}&#8221;]<img loading=\"lazy\" class=\"size-medium wp-image-152 aligncenter\" src=\"https:\/\/agecoldex.leonweb.tk\/wp-content\/uploads\/2020\/07\/Componente-13-\u2013-4-300x300.png\" alt=\"\" width=\"300\" height=\"300\" srcset=\"https:\/\/www.agecoldex.com\/site\/wp-content\/uploads\/2020\/07\/Componente-13-\u2013-4-300x300.png 300w, https:\/\/www.agecoldex.com\/site\/wp-content\/uploads\/2020\/07\/Componente-13-\u2013-4-150x150.png 150w, https:\/\/www.agecoldex.com\/site\/wp-content\/uploads\/2020\/07\/Componente-13-\u2013-4.png 400w\" sizes=\"(max-width: 300px) 100vw, 300px\" \/><\/p>\n<h3 style=\"color: #132d8a; text-align: center;\">Certificaciones<\/h3>\n<p style=\"text-align: center;\">Contamos con certificaciones de importantes entes de control a nivel nacional que nos reconocen como una compa\u00f1\u00eda \u00edntegra en el apoyo y gesti\u00f3n de las operaciones de comercio internacional.<\/p>\n<p style=\"text-align: center;\">ISO 9001:2015<br \/>\nOEA<\/p>\n<p style=\"text-align: center;\"><a class=\"Btn-age\" href=\"\/site\/oea\/\">Ver m\u00e1s<\/a><\/p>\n<p>[\/vc_column_text][vc_empty_space][vc_column_text css_animation=&#8221;slideInDown&#8221; el_class=&#8221;caja-somos&#8221; css=&#8221;.vc_custom_1597087893147{padding-top: 15px !important;padding-right: 15px !important;padding-bottom: 15px !important;padding-left: 15px !important;background-color: #ffffff !important;}&#8221;]<img loading=\"lazy\" class=\"size-medium wp-image-154 aligncenter\" src=\"https:\/\/agecoldex.leonweb.tk\/wp-content\/uploads\/2020\/07\/Componente-15-\u2013-4-300x300.png\" alt=\"\" width=\"300\" height=\"300\" srcset=\"https:\/\/www.agecoldex.com\/site\/wp-content\/uploads\/2020\/07\/Componente-15-\u2013-4-300x300.png 300w, https:\/\/www.agecoldex.com\/site\/wp-content\/uploads\/2020\/07\/Componente-15-\u2013-4-150x150.png 150w, https:\/\/www.agecoldex.com\/site\/wp-content\/uploads\/2020\/07\/Componente-15-\u2013-4.png 400w\" sizes=\"(max-width: 300px) 100vw, 300px\" \/><\/p>\n<h3 style=\"color: #132d8a; text-align: center;\">Afiliaciones<\/h3>\n<p style=\"text-align: center;\">ANALDEX<br \/>\nLEGISCOMEX<br \/>\nADICOMEX<br \/>\nFITAC<br \/>\nINFORMA COLOMBIA<br \/>\nC\u00e1maras de Comercio<\/p>\n<p style=\"text-align: center;\"><a class=\"Btn-age\" href=\"\/site\/servicios-logisticos-integrados\/\">Ver m\u00e1s<\/a><\/p>\n<p>[\/vc_column_text][\/vc_column_inner][\/vc_row_inner][vc_empty_space height=&#8221;64px&#8221; el_class=&#8221;espacio&#8221;][\/vc_column][\/vc_row]<\/p>\n<\/div>","protected":false},"excerpt":{"rendered":"<p>[vc_row full_width=&#8221;stretch_row&#8221; css_animation=&#8221;fadeIn&#8221; css=&#8221;.vc_custom_1658258227574{padding-top: 10px !important;padding-bottom: 10px !important;background-image: url(https:\/\/www.agecoldex.com\/site\/wp-content\/uploads\/2020\/09\/innovacion-tecnologica-header.png?id=1851) !important;}&#8221; el_class=&#8221;banner&#8221;][vc_column][vc_column_text css=&#8221;.vc_custom_1600718623020{margin-top: 0px !important;margin-bottom: 0px !important;}&#8221; el_class=&#8221;texto-banner TShadow&#8221;] Tecnolog\u00eda de punta para operaciones eficientes, seguras y oportunas [\/vc_column_text][\/vc_column][\/vc_row][vc_row full_width=&#8221;stretch_row&#8221; css_animation=&#8221;slideInUp&#8221; el_class=&#8221;DecContent secciones&#8221;][vc_column][vc_row_inner css=&#8221;.vc_custom_1597264092098{padding-right: 100px !important;padding-left: 100px !important;}&#8221; el_class=&#8221;seccion-titulo-icono&#8221;][vc_column_inner][vc_empty_space height=&#8221;64px&#8221; el_class=&#8221;espacio&#8221;][vc_custom_heading text=&#8221;INNOVACI\u00d3N Y TECNOLOG\u00cdA&#8221; font_container=&#8221;tag:h3|text_align:center|color:%23132d8a&#8221; use_theme_fonts=&#8221;yes&#8221; el_class=&#8221;DecTitle&#8221;][vc_column_text] Invertimos en tecnolog\u00eda de punta, para garantizar operaciones eficientes, &hellip;<\/p>\n<p class=\"read-more\"> <a class=\"\" href=\"https:\/\/www.agecoldex.com\/site\/innovacion-tecnologica\/\"> <span class=\"screen-reader-text\">Innovaci\u00f3n Tecnol\u00f3gica<\/span> Leer m\u00e1s &raquo;<\/a><\/p>\n","protected":false},"author":1,"featured_media":0,"parent":0,"menu_order":0,"comment_status":"closed","ping_status":"closed","template":"","meta":[],"_links":{"self":[{"href":"https:\/\/www.agecoldex.com\/site\/wp-json\/wp\/v2\/pages\/287"}],"collection":[{"href":"https:\/\/www.agecoldex.com\/site\/wp-json\/wp\/v2\/pages"}],"about":[{"href":"https:\/\/www.agecoldex.com\/site\/wp-json\/wp\/v2\/types\/page"}],"author":[{"embeddable":true,"href":"https:\/\/www.agecoldex.com\/site\/wp-json\/wp\/v2\/users\/1"}],"replies":[{"embeddable":true,"href":"https:\/\/www.agecoldex.com\/site\/wp-json\/wp\/v2\/comments?post=287"}],"version-history":[{"count":42,"href":"https:\/\/www.agecoldex.com\/site\/wp-json\/wp\/v2\/pages\/287\/revisions"}],"predecessor-version":[{"id":2054,"href":"https:\/\/www.agecoldex.com\/site\/wp-json\/wp\/v2\/pages\/287\/revisions\/2054"}],"wp:attachment":[{"href":"https:\/\/www.agecoldex.com\/site\/wp-json\/wp\/v2\/media?parent=287"}],"curies":[{"name":"wp","href":"https:\/\/api.w.org\/{rel}","templated":true}]}}