{"id":353,"date":"2020-07-25T23:36:19","date_gmt":"2020-07-25T23:36:19","guid":{"rendered":"http:\/\/agecoldex.leonweb.tk\/?page_id=353"},"modified":"2022-07-19T19:27:59","modified_gmt":"2022-07-19T19:27:59","slug":"te-asesoramos","status":"publish","type":"page","link":"https:\/\/www.agecoldex.com\/site\/te-asesoramos\/","title":{"rendered":"Te Asesoramos"},"content":{"rendered":"<div class=\"wpb-content-wrapper\"><p>[vc_row full_width=&#8221;stretch_row&#8221; css_animation=&#8221;fadeIn&#8221; el_class=&#8221;banner&#8221; css=&#8221;.vc_custom_1658258870614{padding-top: 10px !important;padding-bottom: 10px !important;background-image: url(https:\/\/www.agecoldex.com\/site\/wp-content\/uploads\/2020\/10\/B4.png?id=1910) !important;}&#8221;][vc_column][vc_column_text css=&#8221;.vc_custom_1598019052305{margin-top: 0px !important;margin-bottom: 0px !important;}&#8221;]<\/p>\n<h2 style=\"text-align: left; color: #ddb41f;\"><span class=\"titulo-1\" style=\"color: transparent; font-size: 40px;\">. <\/span><br \/>\n<span class=\"titulo-2\" style=\"font-weight: bold; font-size: 45px;\">Te Asesoramos<\/span><\/h2>\n<p>[\/vc_column_text][\/vc_column][\/vc_row][vc_row][vc_column][vc_empty_space height=&#8221;64px&#8221; el_class=&#8221;espacio&#8221;][vc_column_text css=&#8221;.vc_custom_1598277856459{padding-right: 20% !important;padding-left: 20% !important;}&#8221; el_class=&#8221;texto-asesoramos&#8221;]<\/p>\n<p style=\"text-align: center;\">Siempre estamos interesados en nuevos proyectos, grandes o peque\u00f1os. Env\u00edenos su informaci\u00f3n y nos pondremos en contacto con usted.<\/p>\n<p>[\/vc_column_text][vc_empty_space height=&#8221;64px&#8221; el_class=&#8221;espacio&#8221;][\/vc_column][\/vc_row][vc_row full_width=&#8221;stretch_row&#8221; parallax=&#8221;content-moving&#8221; parallax_image=&#8221;163&#8243; css_animation=&#8221;fadeIn&#8221; el_class=&#8221;DestContent2 secciones&#8221;][vc_column][vc_empty_space height=&#8221;64px&#8221; el_class=&#8221;espacio&#8221;][vc_row_inner equal_height=&#8221;yes&#8221; content_placement=&#8221;middle&#8221; el_class=&#8221;subseccion-formulario subseccion-fondo-nubes&#8221;][vc_column_inner width=&#8221;5\/12&#8243;][vc_single_image image=&#8221;168&#8243; img_size=&#8221;full&#8221; alignment=&#8221;center&#8221;][vc_column_text]<\/p>\n<p style=\"text-align: center; color: #fff;\">D\u00e9jenos sus datos y uno de nuestros asesores se pondr\u00e1 en contacto con usted en el menor tiempo posible, para ampliar la informaci\u00f3n y despejar cualquier inquietud.<\/p>\n<p>[\/vc_column_text][\/vc_column_inner][vc_column_inner width=&#8221;7\/12&#8243;]<div role=\"form\" class=\"wpcf7\" id=\"wpcf7-f164-o1\" lang=\"es-ES\" dir=\"ltr\">\n<div class=\"screen-reader-response\"><p role=\"status\" aria-live=\"polite\" aria-atomic=\"true\"><\/p> <ul><\/ul><\/div>\n<form action=\"\/site\/wp-json\/wp\/v2\/pages\/353#wpcf7-f164-o1\" method=\"post\" class=\"wpcf7-form init\" novalidate=\"novalidate\" data-status=\"init\">\n<div style=\"display: none;\">\n<input type=\"hidden\" name=\"_wpcf7\" value=\"164\" \/>\n<input type=\"hidden\" name=\"_wpcf7_version\" value=\"5.3\" \/>\n<input type=\"hidden\" name=\"_wpcf7_locale\" value=\"es_ES\" \/>\n<input type=\"hidden\" name=\"_wpcf7_unit_tag\" value=\"wpcf7-f164-o1\" \/>\n<input type=\"hidden\" name=\"_wpcf7_container_post\" value=\"0\" \/>\n<input type=\"hidden\" name=\"_wpcf7_posted_data_hash\" value=\"\" \/>\n<input type=\"hidden\" name=\"_wpcf7_recaptcha_response\" value=\"\" \/>\n<\/div>\n<div class=\"ContentForm\">\n<div class=\"Div-cont-100\"><span class=\"wpcf7-form-control-wrap your-name\"><input type=\"text\" name=\"your-name\" value=\"\" size=\"40\" class=\"wpcf7-form-control wpcf7-text wpcf7-validates-as-required\" aria-required=\"true\" aria-invalid=\"false\" placeholder=\"Nombre *\" \/><\/span><\/div>\n<div class=\"Div-cont-100\"><span class=\"wpcf7-form-control-wrap your-subject\"><input type=\"text\" name=\"your-subject\" value=\"Empresa\" size=\"40\" class=\"wpcf7-form-control wpcf7-text wpcf7-validates-as-required\" aria-required=\"true\" aria-invalid=\"false\" \/><\/span><\/div>\n<div class=\"Div-cont-100\"><span class=\"wpcf7-form-control-wrap your-email\"><input type=\"email\" name=\"your-email\" value=\"\" size=\"40\" class=\"wpcf7-form-control wpcf7-text wpcf7-email wpcf7-validates-as-required wpcf7-validates-as-email\" aria-required=\"true\" aria-invalid=\"false\" placeholder=\"Correo *\" \/><\/span><\/div>\n<div class=\"Div-cont-100\"><span class=\"wpcf7-form-control-wrap menu-833\"><select name=\"menu-833\" class=\"wpcf7-form-control wpcf7-select\" aria-invalid=\"false\"><option value=\"Seleccione Servicio\">Seleccione Servicio<\/option><option value=\"Agenciamiento Aduanero\">Agenciamiento Aduanero<\/option><option value=\"Asesor\u00eda T\u00e9cnica\">Asesor\u00eda T\u00e9cnica<\/option><option value=\"Servicios Log\u00edsticos Integrados\">Servicios Log\u00edsticos Integrados<\/option><option value=\"Administraci\u00f3n Plan Vallejo\">Administraci\u00f3n Plan Vallejo<\/option><option value=\"Outsourcing\">Outsourcing<\/option><\/select><\/span><\/div>\n<div class=\"Div-cont-100\"><span class=\"wpcf7-form-control-wrap your-message\"><textarea name=\"your-message\" cols=\"40\" rows=\"10\" class=\"wpcf7-form-control wpcf7-textarea\" aria-invalid=\"false\" placeholder=\"Descripci\u00f3n\"><\/textarea><\/span><\/div>\n<p><input type=\"submit\" value=\"Enviar\" class=\"wpcf7-form-control wpcf7-submit\" \/><\/p><\/div>\n<div class=\"wpcf7-response-output\" aria-hidden=\"true\"><\/div><\/form><\/div>[\/vc_column_inner][\/vc_row_inner][vc_empty_space height=&#8221;64px&#8221; el_class=&#8221;espacio&#8221;][\/vc_column][\/vc_row][vc_row full_width=&#8221;stretch_row&#8221; css_animation=&#8221;none&#8221; el_class=&#8221;DecContent secciones seccion-conoce-servicios&#8221;][vc_column][vc_empty_space height=&#8221;64px&#8221; el_class=&#8221;espacio&#8221;][vc_custom_heading text=&#8221;SOMOS TU MEJOR OPCI\u00d3N&#8221; font_container=&#8221;tag:h3|text_align:center|color:%23132d8a&#8221; use_theme_fonts=&#8221;yes&#8221; el_class=&#8221;DecTitle&#8221;][vc_empty_space height=&#8221;64px&#8221; el_class=&#8221;espacio&#8221;][vc_row_inner equal_height=&#8221;yes&#8221;][vc_column_inner width=&#8221;1\/3&#8243;][vc_column_text css_animation=&#8221;slideInLeft&#8221;]<img loading=\"lazy\" class=\"wp-image-1920 size-full aligncenter\" src=\"https:\/\/www.agecoldex.com\/site\/wp-content\/uploads\/2020\/10\/Smto-1.png\" alt=\"\" width=\"200\" height=\"200\" srcset=\"https:\/\/www.agecoldex.com\/site\/wp-content\/uploads\/2020\/10\/Smto-1.png 200w, https:\/\/www.agecoldex.com\/site\/wp-content\/uploads\/2020\/10\/Smto-1-150x150.png 150w\" sizes=\"(max-width: 200px) 100vw, 200px\" \/><\/p>\n<h4 style=\"text-align: center; color: #132d8a;\">Innovaci\u00f3n Tecnol\u00f3gica<\/h4>\n<p style=\"text-align: center;\">Invertimos en tecnolog\u00eda de punta, para garantizar operaciones eficientes, seguras, confiables y oportunas, que respondan a las necesidades de nuestros clientes.<\/p>\n<p style=\"text-align: center;\"><a class=\"Btn-age\" href=\"\/site\/innovacion-tecnologica\/\">Ver m\u00e1s<\/a><\/p>\n<p>[\/vc_column_text][\/vc_column_inner][vc_column_inner width=&#8221;1\/3&#8243;][vc_column_text css_animation=&#8221;slideInUp&#8221;]<img loading=\"lazy\" class=\"size-full wp-image-1921 aligncenter\" src=\"https:\/\/www.agecoldex.com\/site\/wp-content\/uploads\/2020\/10\/Smto-2.png\" alt=\"\" width=\"200\" height=\"200\" srcset=\"https:\/\/www.agecoldex.com\/site\/wp-content\/uploads\/2020\/10\/Smto-2.png 200w, https:\/\/www.agecoldex.com\/site\/wp-content\/uploads\/2020\/10\/Smto-2-150x150.png 150w\" sizes=\"(max-width: 200px) 100vw, 200px\" \/><\/p>\n<h4 style=\"color: #132d8a; text-align: center;\">Certificaciones<\/h4>\n<p style=\"text-align: center;\">Contamos con certificaciones de importantes entes de control a nivel nacional que nos reconocen como una compa\u00f1\u00eda \u00edntegra en el apoyo y gesti\u00f3n de las operaciones de comercio internacional.<\/p>\n<p style=\"text-align: center;\">ISO 9001:2015<br \/>\nOEA<\/p>\n<p style=\"text-align: center;\"><a class=\"Btn-age\" href=\"\/site\/oea\/\">Ver m\u00e1s<\/a><\/p>\n<p>[\/vc_column_text][\/vc_column_inner][vc_column_inner width=&#8221;1\/3&#8243;][vc_column_text css_animation=&#8221;slideInRight&#8221;]<img loading=\"lazy\" class=\"wp-image-1922 size-full aligncenter\" src=\"https:\/\/www.agecoldex.com\/site\/wp-content\/uploads\/2020\/10\/Smto-3.png\" alt=\"\" width=\"200\" height=\"200\" srcset=\"https:\/\/www.agecoldex.com\/site\/wp-content\/uploads\/2020\/10\/Smto-3.png 200w, https:\/\/www.agecoldex.com\/site\/wp-content\/uploads\/2020\/10\/Smto-3-150x150.png 150w\" sizes=\"(max-width: 200px) 100vw, 200px\" \/><\/p>\n<h4 style=\"color: #132d8a; text-align: center;\">Promesa de servicio<\/h4>\n<p style=\"text-align: center;\">Tenemos la capacidad operativa necesaria que nos permite cumplir a nuestros clientes con tiempos de entrega de servicio altamente competitivos.<br \/>\nPara validar los tiempos por sucursal<\/p>\n<p style=\"text-align: center;\"><a class=\"Btn-age\" href=\"\/site\/servicios-logisticos-integrados\/\">Ver m\u00e1s<\/a><\/p>\n<p>[\/vc_column_text][\/vc_column_inner][\/vc_row_inner][vc_row_inner equal_height=&#8221;yes&#8221;][vc_column_inner width=&#8221;1\/6&#8243;][\/vc_column_inner][vc_column_inner width=&#8221;2\/6&#8243;][vc_column_text css_animation=&#8221;slideInUp&#8221;]<img loading=\"lazy\" class=\"wp-image-1923 size-full aligncenter\" src=\"https:\/\/www.agecoldex.com\/site\/wp-content\/uploads\/2020\/10\/Smto-4.png\" alt=\"\" width=\"200\" height=\"200\" srcset=\"https:\/\/www.agecoldex.com\/site\/wp-content\/uploads\/2020\/10\/Smto-4.png 200w, https:\/\/www.agecoldex.com\/site\/wp-content\/uploads\/2020\/10\/Smto-4-150x150.png 150w\" sizes=\"(max-width: 200px) 100vw, 200px\" \/><\/p>\n<h4 style=\"color: #132d8a; text-align: center;\">Afiliaciones<\/h4>\n<p style=\"text-align: center;\">ANALDEX<br \/>\nLEGISCOMEX<br \/>\nADICOMEX<br \/>\nFITAC<br \/>\nINFORMA COLOMBIA<br \/>\nC\u00e1maras de Comercio<\/p>\n<p style=\"text-align: center;\"><a class=\"Btn-age\" href=\"\/site\/servicios-logisticos-integrados\/\">Ver m\u00e1s<\/a><\/p>\n<p>[\/vc_column_text][\/vc_column_inner][vc_column_inner width=&#8221;2\/6&#8243;][vc_column_text css_animation=&#8221;slideInUp&#8221;]<img loading=\"lazy\" class=\"wp-image-1924 size-full aligncenter\" src=\"https:\/\/www.agecoldex.com\/site\/wp-content\/uploads\/2020\/10\/Smto-5.png\" alt=\"\" width=\"200\" height=\"200\" srcset=\"https:\/\/www.agecoldex.com\/site\/wp-content\/uploads\/2020\/10\/Smto-5.png 200w, https:\/\/www.agecoldex.com\/site\/wp-content\/uploads\/2020\/10\/Smto-5-150x150.png 150w\" sizes=\"(max-width: 200px) 100vw, 200px\" \/><\/p>\n<h4 style=\"color: #132d8a; text-align: center;\">P\u00f3liza<\/h4>\n<p style=\"text-align: center;\">Desde marzo 23 de 2011, contratamos la p\u00f3liza de responsabilidad civil por errores y omisiones con una cobertura de $400 mil USD, que nos permite proteger el patrimonio de nuestros clientes y el propio.<\/p>\n<p style=\"text-align: center;\"><a class=\"Btn-age\" href=\"\/site\/servicios-logisticos-integrados\/\">Ver m\u00e1s<\/a><\/p>\n<p>[\/vc_column_text][\/vc_column_inner][vc_column_inner width=&#8221;1\/6&#8243;][\/vc_column_inner][\/vc_row_inner][vc_empty_space height=&#8221;64px&#8221; el_class=&#8221;espacio&#8221;][\/vc_column][\/vc_row][vc_row full_width=&#8221;stretch_row&#8221; css_animation=&#8221;none&#8221; disable_element=&#8221;yes&#8221; el_class=&#8221;DecContent-items secciones&#8221;][vc_column][vc_empty_space height=&#8221;64px&#8221; el_class=&#8221;espacio&#8221;][vc_custom_heading text=&#8221;SOMOS TU MEJOR OPCI\u00d3N&#8221; font_container=&#8221;tag:h3|text_align:center|color:%23132d8a&#8221; use_theme_fonts=&#8221;yes&#8221; el_class=&#8221;DecTitle&#8221;][vc_empty_space][vc_row_inner equal_height=&#8221;yes&#8221; content_placement=&#8221;middle&#8221; gap=&#8221;35&#8243; el_class=&#8221;items-somos&#8221; css=&#8221;.vc_custom_1597863086637{background-image: url(https:\/\/www.agecoldex.com\/site\/wp-content\/uploads\/2020\/08\/fondo-somos-tu-mejor-opcion.png?id=854) !important;background-position: 0 0 !important;background-repeat: no-repeat !important;}&#8221;][vc_column_inner width=&#8221;1\/2&#8243; css=&#8221;.vc_custom_1597084456037{padding-right: 30px !important;padding-left: 30px !important;}&#8221;][vc_column_text css_animation=&#8221;slideInDown&#8221; el_class=&#8221;caja-somos&#8221; css=&#8221;.vc_custom_1597088119850{padding-top: 30px !important;padding-right: 15px !important;padding-bottom: 30px !important;padding-left: 15px !important;background-color: #ffffff !important;}&#8221;]<img loading=\"lazy\" class=\"size-medium wp-image-151 aligncenter\" src=\"https:\/\/agecoldex.leonweb.tk\/wp-content\/uploads\/2020\/07\/Componente-11-\u2013-12-300x300.png\" alt=\"\" width=\"300\" height=\"300\" srcset=\"https:\/\/www.agecoldex.com\/site\/wp-content\/uploads\/2020\/07\/Componente-11-\u2013-12-300x300.png 300w, https:\/\/www.agecoldex.com\/site\/wp-content\/uploads\/2020\/07\/Componente-11-\u2013-12-150x150.png 150w, https:\/\/www.agecoldex.com\/site\/wp-content\/uploads\/2020\/07\/Componente-11-\u2013-12.png 400w\" sizes=\"(max-width: 300px) 100vw, 300px\" \/><\/p>\n<h3 style=\"color: #132d8a; text-align: center;\">Innovaci\u00f3n Tecnol\u00f3gica<\/h3>\n<p style=\"text-align: center;\">Invertimos en tecnolog\u00eda de punta, para garantizar operaciones eficientes, seguras, confiables y oportunas, que respondan a las necesidades de nuestros clientes.<\/p>\n<p style=\"text-align: center;\"><a class=\"Btn-age\" href=\"\/site\/innovacion-tecnologica\/\">Ver m\u00e1s<\/a><\/p>\n<p>[\/vc_column_text][vc_empty_space][vc_column_text css_animation=&#8221;slideInDown&#8221; el_class=&#8221;caja-somos&#8221; css=&#8221;.vc_custom_1597088396177{padding-top: 15px !important;padding-right: 15px !important;padding-bottom: 15px !important;padding-left: 15px !important;background-color: #ffffff !important;}&#8221;]<img loading=\"lazy\" class=\"wp-image-153 size-medium aligncenter\" src=\"https:\/\/agecoldex.leonweb.tk\/wp-content\/uploads\/2020\/07\/Componente-14-\u2013-4-300x300.png\" alt=\"\" width=\"300\" height=\"300\" srcset=\"https:\/\/www.agecoldex.com\/site\/wp-content\/uploads\/2020\/07\/Componente-14-\u2013-4-300x300.png 300w, https:\/\/www.agecoldex.com\/site\/wp-content\/uploads\/2020\/07\/Componente-14-\u2013-4-150x150.png 150w, https:\/\/www.agecoldex.com\/site\/wp-content\/uploads\/2020\/07\/Componente-14-\u2013-4.png 400w\" sizes=\"(max-width: 300px) 100vw, 300px\" \/><\/p>\n<h3 style=\"color: #132d8a; text-align: center;\">Promesa de servicio<\/h3>\n<p style=\"text-align: center;\">Tenemos la capacidad operativa necesaria que nos permite cumplir a nuestros clientes con tiempos de entrega de servicio altamente competitivos.<br \/>\nPara validar los tiempos por sucursal<\/p>\n<p style=\"text-align: center;\"><a class=\"Btn-age\" href=\"\/site\/servicios-logisticos-integrados\/\">Ver m\u00e1s<\/a><\/p>\n<p>[\/vc_column_text][vc_empty_space][vc_column_text css_animation=&#8221;slideInDown&#8221; el_class=&#8221;caja-somos&#8221; css=&#8221;.vc_custom_1597087900435{padding-top: 15px !important;padding-right: 15px !important;padding-bottom: 15px !important;padding-left: 15px !important;background-color: #ffffff !important;}&#8221;]<img loading=\"lazy\" class=\"size-medium wp-image-155 aligncenter\" src=\"https:\/\/agecoldex.leonweb.tk\/wp-content\/uploads\/2020\/07\/Componente-17-\u2013-3-300x300.png\" alt=\"\" width=\"300\" height=\"300\" srcset=\"https:\/\/www.agecoldex.com\/site\/wp-content\/uploads\/2020\/07\/Componente-17-\u2013-3-300x300.png 300w, https:\/\/www.agecoldex.com\/site\/wp-content\/uploads\/2020\/07\/Componente-17-\u2013-3-150x150.png 150w, https:\/\/www.agecoldex.com\/site\/wp-content\/uploads\/2020\/07\/Componente-17-\u2013-3.png 400w\" sizes=\"(max-width: 300px) 100vw, 300px\" \/><\/p>\n<h3 style=\"color: #132d8a; text-align: center;\">P\u00f3liza<\/h3>\n<p style=\"text-align: center;\">Desde marzo 23 de 2011, contratamos la p\u00f3liza de responsabilidad civil por errores y omisiones con una cobertura de $400 mil USD, que nos permite proteger el patrimonio de nuestros clientes y el propio.<\/p>\n<p style=\"text-align: center;\"><a class=\"Btn-age\" href=\"\/site\/servicios-logisticos-integrados\/\">Ver m\u00e1s<\/a><\/p>\n<p>[\/vc_column_text][\/vc_column_inner][vc_column_inner width=&#8221;1\/2&#8243; css=&#8221;.vc_custom_1597084465427{padding-right: 30px !important;padding-left: 30px !important;}&#8221;][vc_column_text css_animation=&#8221;slideInDown&#8221; el_class=&#8221;caja-somos&#8221; css=&#8221;.vc_custom_1598651004324{padding-top: 30px !important;padding-right: 15px !important;padding-bottom: 30px !important;padding-left: 15px !important;background-color: #ffffff !important;}&#8221;]<img loading=\"lazy\" class=\"size-medium wp-image-152 aligncenter\" src=\"https:\/\/agecoldex.leonweb.tk\/wp-content\/uploads\/2020\/07\/Componente-13-\u2013-4-300x300.png\" alt=\"\" width=\"300\" height=\"300\" srcset=\"https:\/\/www.agecoldex.com\/site\/wp-content\/uploads\/2020\/07\/Componente-13-\u2013-4-300x300.png 300w, https:\/\/www.agecoldex.com\/site\/wp-content\/uploads\/2020\/07\/Componente-13-\u2013-4-150x150.png 150w, https:\/\/www.agecoldex.com\/site\/wp-content\/uploads\/2020\/07\/Componente-13-\u2013-4.png 400w\" sizes=\"(max-width: 300px) 100vw, 300px\" \/><\/p>\n<h3 style=\"color: #132d8a; text-align: center;\">Certificaciones<\/h3>\n<p style=\"text-align: center;\">Contamos con certificaciones de importantes entes de control a nivel nacional que nos reconocen como una compa\u00f1\u00eda \u00edntegra en el apoyo y gesti\u00f3n de las operaciones de comercio internacional.<\/p>\n<p style=\"text-align: center;\">ISO 9001:2015<br \/>\nOEA<\/p>\n<p style=\"text-align: center;\"><a class=\"Btn-age\" href=\"\/site\/oea\/\">Ver m\u00e1s<\/a><\/p>\n<p>[\/vc_column_text][vc_empty_space][vc_column_text css_animation=&#8221;slideInDown&#8221; el_class=&#8221;caja-somos&#8221; css=&#8221;.vc_custom_1597087893147{padding-top: 15px !important;padding-right: 15px !important;padding-bottom: 15px !important;padding-left: 15px !important;background-color: #ffffff !important;}&#8221;]<img loading=\"lazy\" class=\"size-medium wp-image-154 aligncenter\" src=\"https:\/\/agecoldex.leonweb.tk\/wp-content\/uploads\/2020\/07\/Componente-15-\u2013-4-300x300.png\" alt=\"\" width=\"300\" height=\"300\" srcset=\"https:\/\/www.agecoldex.com\/site\/wp-content\/uploads\/2020\/07\/Componente-15-\u2013-4-300x300.png 300w, https:\/\/www.agecoldex.com\/site\/wp-content\/uploads\/2020\/07\/Componente-15-\u2013-4-150x150.png 150w, https:\/\/www.agecoldex.com\/site\/wp-content\/uploads\/2020\/07\/Componente-15-\u2013-4.png 400w\" sizes=\"(max-width: 300px) 100vw, 300px\" \/><\/p>\n<h3 style=\"color: #132d8a; text-align: center;\">Afiliaciones<\/h3>\n<p style=\"text-align: center;\">ANALDEX<br \/>\nLEGISCOMEX<br \/>\nADICOMEX<br \/>\nFITAC<br \/>\nINFORMA COLOMBIA<br \/>\nC\u00e1maras de Comercio<\/p>\n<p style=\"text-align: center;\"><a class=\"Btn-age\" href=\"\/site\/servicios-logisticos-integrados\/\">Ver m\u00e1s<\/a><\/p>\n<p>[\/vc_column_text][\/vc_column_inner][\/vc_row_inner][vc_empty_space height=&#8221;64px&#8221; el_class=&#8221;espacio&#8221;][\/vc_column][\/vc_row][vc_row css_animation=&#8221;slideInUp&#8221;][vc_column][vc_empty_space height=&#8221;64px&#8221; el_class=&#8221;espacio&#8221;][vc_custom_heading text=&#8221;CONOCE NUESTROS CLIENTES DEL SERVICIO DE AGENCIAMIENTO ADUANERO&#8221; font_container=&#8221;tag:h3|text_align:center|color:%23132d8a&#8221; use_theme_fonts=&#8221;yes&#8221; el_class=&#8221;DecTitle&#8221;][vc_empty_space][vc_row_inner equal_height=&#8221;yes&#8221; content_placement=&#8221;middle&#8221; gap=&#8221;35&#8243;][vc_column_inner width=&#8221;1\/5&#8243;][vc_single_image image=&#8221;197&#8243; img_size=&#8221;full&#8221; alignment=&#8221;center&#8221;][\/vc_column_inner][vc_column_inner width=&#8221;1\/5&#8243;][vc_single_image image=&#8221;196&#8243; img_size=&#8221;full&#8221; alignment=&#8221;center&#8221;][\/vc_column_inner][vc_column_inner width=&#8221;1\/5&#8243;][vc_single_image image=&#8221;187&#8243; img_size=&#8221;full&#8221; alignment=&#8221;center&#8221;][\/vc_column_inner][vc_column_inner width=&#8221;1\/5&#8243;][vc_single_image image=&#8221;188&#8243; img_size=&#8221;full&#8221; alignment=&#8221;center&#8221;][\/vc_column_inner][vc_column_inner width=&#8221;1\/5&#8243;][vc_single_image image=&#8221;189&#8243; img_size=&#8221;full&#8221; alignment=&#8221;center&#8221;][\/vc_column_inner][\/vc_row_inner][vc_row_inner equal_height=&#8221;yes&#8221; content_placement=&#8221;middle&#8221; gap=&#8221;35&#8243;][vc_column_inner width=&#8221;1\/5&#8243;][vc_single_image image=&#8221;194&#8243; img_size=&#8221;full&#8221; alignment=&#8221;center&#8221;][\/vc_column_inner][vc_column_inner width=&#8221;1\/5&#8243;][vc_single_image image=&#8221;193&#8243; img_size=&#8221;full&#8221; alignment=&#8221;center&#8221;][\/vc_column_inner][vc_column_inner width=&#8221;1\/5&#8243;][vc_single_image image=&#8221;192&#8243; img_size=&#8221;full&#8221; alignment=&#8221;center&#8221;][\/vc_column_inner][vc_column_inner width=&#8221;1\/5&#8243;][vc_single_image image=&#8221;191&#8243; img_size=&#8221;full&#8221; alignment=&#8221;center&#8221;][\/vc_column_inner][vc_column_inner width=&#8221;1\/5&#8243;][vc_single_image image=&#8221;190&#8243; img_size=&#8221;full&#8221; alignment=&#8221;center&#8221;][\/vc_column_inner][\/vc_row_inner][vc_row_inner equal_height=&#8221;yes&#8221; content_placement=&#8221;middle&#8221; gap=&#8221;35&#8243;][vc_column_inner width=&#8221;1\/5&#8243;][vc_single_image image=&#8221;205&#8243; img_size=&#8221;full&#8221; alignment=&#8221;center&#8221;][\/vc_column_inner][vc_column_inner width=&#8221;1\/5&#8243;][vc_single_image image=&#8221;204&#8243; img_size=&#8221;full&#8221; alignment=&#8221;center&#8221;][\/vc_column_inner][vc_column_inner width=&#8221;1\/5&#8243;][vc_single_image image=&#8221;211&#8243; img_size=&#8221;full&#8221; alignment=&#8221;center&#8221;][\/vc_column_inner][vc_column_inner width=&#8221;1\/5&#8243;][vc_single_image image=&#8221;203&#8243; img_size=&#8221;full&#8221; alignment=&#8221;center&#8221;][\/vc_column_inner][vc_column_inner width=&#8221;1\/5&#8243;][vc_single_image image=&#8221;202&#8243; img_size=&#8221;full&#8221; alignment=&#8221;center&#8221;][\/vc_column_inner][\/vc_row_inner][vc_empty_space height=&#8221;64px&#8221; el_class=&#8221;espacio&#8221;][\/vc_column][\/vc_row]<\/p>\n<\/div>","protected":false},"excerpt":{"rendered":"<p>[vc_row full_width=&#8221;stretch_row&#8221; css_animation=&#8221;fadeIn&#8221; el_class=&#8221;banner&#8221; css=&#8221;.vc_custom_1658258870614{padding-top: 10px !important;padding-bottom: 10px !important;background-image: url(https:\/\/www.agecoldex.com\/site\/wp-content\/uploads\/2020\/10\/B4.png?id=1910) !important;}&#8221;][vc_column][vc_column_text css=&#8221;.vc_custom_1598019052305{margin-top: 0px !important;margin-bottom: 0px !important;}&#8221;] . Te Asesoramos [\/vc_column_text][\/vc_column][\/vc_row][vc_row][vc_column][vc_empty_space height=&#8221;64px&#8221; el_class=&#8221;espacio&#8221;][vc_column_text css=&#8221;.vc_custom_1598277856459{padding-right: 20% !important;padding-left: 20% !important;}&#8221; el_class=&#8221;texto-asesoramos&#8221;] Siempre estamos interesados en nuevos proyectos, grandes o peque\u00f1os. Env\u00edenos su informaci\u00f3n y nos pondremos en contacto con usted. [\/vc_column_text][vc_empty_space height=&#8221;64px&#8221; el_class=&#8221;espacio&#8221;][\/vc_column][\/vc_row][vc_row full_width=&#8221;stretch_row&#8221; parallax=&#8221;content-moving&#8221; parallax_image=&#8221;163&#8243; css_animation=&#8221;fadeIn&#8221; el_class=&#8221;DestContent2 &hellip;<\/p>\n<p class=\"read-more\"> <a class=\"\" href=\"https:\/\/www.agecoldex.com\/site\/te-asesoramos\/\"> <span class=\"screen-reader-text\">Te Asesoramos<\/span> Leer m\u00e1s &raquo;<\/a><\/p>\n","protected":false},"author":1,"featured_media":0,"parent":0,"menu_order":0,"comment_status":"closed","ping_status":"closed","template":"","meta":[],"_links":{"self":[{"href":"https:\/\/www.agecoldex.com\/site\/wp-json\/wp\/v2\/pages\/353"}],"collection":[{"href":"https:\/\/www.agecoldex.com\/site\/wp-json\/wp\/v2\/pages"}],"about":[{"href":"https:\/\/www.agecoldex.com\/site\/wp-json\/wp\/v2\/types\/page"}],"author":[{"embeddable":true,"href":"https:\/\/www.agecoldex.com\/site\/wp-json\/wp\/v2\/users\/1"}],"replies":[{"embeddable":true,"href":"https:\/\/www.agecoldex.com\/site\/wp-json\/wp\/v2\/comments?post=353"}],"version-history":[{"count":24,"href":"https:\/\/www.agecoldex.com\/site\/wp-json\/wp\/v2\/pages\/353\/revisions"}],"predecessor-version":[{"id":2066,"href":"https:\/\/www.agecoldex.com\/site\/wp-json\/wp\/v2\/pages\/353\/revisions\/2066"}],"wp:attachment":[{"href":"https:\/\/www.agecoldex.com\/site\/wp-json\/wp\/v2\/media?parent=353"}],"curies":[{"name":"wp","href":"https:\/\/api.w.org\/{rel}","templated":true}]}}