{"id":423,"date":"2020-07-26T21:43:39","date_gmt":"2020-07-26T21:43:39","guid":{"rendered":"http:\/\/agecoldex.leonweb.tk\/?page_id=423"},"modified":"2024-11-13T16:49:55","modified_gmt":"2024-11-13T16:49:55","slug":"tratamiento-de-datos-personales","status":"publish","type":"page","link":"https:\/\/www.agecoldex.com\/site\/tratamiento-de-datos-personales\/","title":{"rendered":"Tratamiento de Datos Personales"},"content":{"rendered":"<div class=\"wpb-content-wrapper\"><p>[vc_row full_width=&#8221;stretch_row&#8221; css_animation=&#8221;fadeIn&#8221; css=&#8221;.vc_custom_1658257936815{padding-top: 10px !important;padding-bottom: 10px !important;background-image: url(https:\/\/www.agecoldex.com\/site\/wp-content\/uploads\/2020\/09\/seguimiento-de-operaciones-header.png?id=1837) !important;}&#8221; el_class=&#8221;banner&#8221;][vc_column][vc_column_text css=&#8221;.vc_custom_1597325944535{margin-top: 0px !important;margin-bottom: 0px !important;}&#8221;]<\/p>\n<h2 style=\"text-align: left; color: #ddb41f;\"><span class=\"titulo-1\" style=\"color: #fff; font-size: 40px;\">POL\u00cdTICA <\/span><br \/>\n<span class=\"titulo-2\" style=\"font-weight: bold; font-size: 45px;\">DE PROTECCI\u00d3N DE DATOS PERSONALES<\/span><\/h2>\n<p>[\/vc_column_text][\/vc_column][\/vc_row][vc_row full_width=&#8221;stretch_row&#8221; css_animation=&#8221;slideInUp&#8221; el_class=&#8221;DecContent secciones&#8221;][vc_column][vc_empty_space height=&#8221;64px&#8221; el_class=&#8221;espacio&#8221;][vc_custom_heading text=&#8221;CONOCE NUESTRA POL\u00cdTICA DE PROTECCI\u00d3N DE DATOS PERSONALES&#8221; font_container=&#8221;tag:h3|text_align:center|color:%23132d8a&#8221; use_theme_fonts=&#8221;yes&#8221; el_class=&#8221;DecTitle&#8221;][vc_empty_space][vc_row_inner equal_height=&#8221;yes&#8221; content_placement=&#8221;middle&#8221;][vc_column_inner][vc_column_text css=&#8221;&#8221;]<div style=\"display:block\">\n<!-- FlowPaper PDF flipbook plugin v.1.9.6 wordpress.org\/plugins\/flowpaper\/ -->\n<iframe title=\"FlowPaper website pdf viewer\" width=\"100%\" class=\"PdfHeigth\" height=\"500\" scrolling=\"no\" frameborder=\"0\" allowFullScreen=\"true\" src = \"https:\/\/flowpaper.com\/flipbook\/?pdf=https:\/\/www.agecoldex.com\/site\/wp-content\/uploads\/2024\/11\/PL-07-GG-001. POLITICA DE TRATAMIENTO PROTECCION DE DATOS PERSONALES (1).pdf?wp-hosted=1&title=&header=&theme=&singlepage=auto&thumbs=1&modified=241113449\" seamless=\"seamless\" style=\"margin-bottom:0;display:block;\">Your browser does not seem to support iframes. <a href=\"https:\/\/flowpaper.com\/flipbook\/?pdf=https:\/\/www.agecoldex.com\/site\/wp-content\/uploads\/2024\/11\/PL-07-GG-001. POLITICA DE TRATAMIENTO PROTECCION DE DATOS PERSONALES (1).pdf?wp-hosted=1\" target=\"_blank\">Click here to read this PDF<\/a>.<\/iframe>\n<div id=\"flowpaper-logo-bottom\" class=\"flowpaper-logo-bg\" style=\"background:linear-gradient(to right, rgba(0,0,0,0.65) 0%,rgba(0,0,0,0) 200px);width:100%;height:19px; padding-bottom: 1px; padding-left: 5px; padding-right: 10px; display: flex; align-items: center;z-index:9999\"><span style=\"height: 37px; padding-left: 6px;\"> <a id=\"flowpaper-link\" style=\"fill: #fff\" alt=\"FlowPaper logo\" title=\"FlowPaper logo\" href=\"https:\/\/flowpaper.com\" target=\"_blank\"> <img alt=\"Publish PDF flipbooks online\" style=\"height:17px;width:auto;margin-top:11px;\" src=\"https:\/\/www.agecoldex.com\/site\/wp-content\/plugins\/flowpaper-lite-pdf-flipbook\/assets\/flowpaper-logo.png\" border=\"0\"> <\/a> <\/span><\/div><\/div>[\/vc_column_text][\/vc_column_inner][\/vc_row_inner][vc_empty_space height=&#8221;64px&#8221; el_class=&#8221;espacio&#8221;][\/vc_column][\/vc_row][vc_row full_width=&#8221;stretch_row&#8221; css_animation=&#8221;none&#8221; el_class=&#8221;DecContent secciones seccion-conoce-servicios&#8221;][vc_column][vc_empty_space height=&#8221;64px&#8221; el_class=&#8221;espacio&#8221;][vc_custom_heading text=&#8221;SOMOS TU MEJOR OPCI\u00d3N&#8221; font_container=&#8221;tag:h3|text_align:center|color:%23132d8a&#8221; use_theme_fonts=&#8221;yes&#8221; el_class=&#8221;DecTitle&#8221;][vc_empty_space height=&#8221;64px&#8221; el_class=&#8221;espacio&#8221;][vc_row_inner equal_height=&#8221;yes&#8221;][vc_column_inner width=&#8221;1\/3&#8243;][vc_column_text css_animation=&#8221;slideInLeft&#8221;]<img loading=\"lazy\" class=\"wp-image-1920 size-full aligncenter\" src=\"https:\/\/www.agecoldex.com\/site\/wp-content\/uploads\/2020\/10\/Smto-1.png\" alt=\"\" width=\"200\" height=\"200\" srcset=\"https:\/\/www.agecoldex.com\/site\/wp-content\/uploads\/2020\/10\/Smto-1.png 200w, https:\/\/www.agecoldex.com\/site\/wp-content\/uploads\/2020\/10\/Smto-1-150x150.png 150w\" sizes=\"(max-width: 200px) 100vw, 200px\" \/><\/p>\n<h4 style=\"text-align: center; color: #132d8a;\">Innovaci\u00f3n Tecnol\u00f3gica<\/h4>\n<p style=\"text-align: center;\">Invertimos en tecnolog\u00eda de punta, para garantizar operaciones eficientes, seguras, confiables y oportunas, que respondan a las necesidades de nuestros clientes.<\/p>\n<p style=\"text-align: center;\"><a class=\"Btn-age\" href=\"\/site\/innovacion-tecnologica\/\">Ver m\u00e1s<\/a><\/p>\n<p>[\/vc_column_text][\/vc_column_inner][vc_column_inner width=&#8221;1\/3&#8243;][vc_column_text css_animation=&#8221;slideInUp&#8221;]<img loading=\"lazy\" class=\"size-full wp-image-1921 aligncenter\" src=\"https:\/\/www.agecoldex.com\/site\/wp-content\/uploads\/2020\/10\/Smto-2.png\" alt=\"\" width=\"200\" height=\"200\" srcset=\"https:\/\/www.agecoldex.com\/site\/wp-content\/uploads\/2020\/10\/Smto-2.png 200w, https:\/\/www.agecoldex.com\/site\/wp-content\/uploads\/2020\/10\/Smto-2-150x150.png 150w\" sizes=\"(max-width: 200px) 100vw, 200px\" \/><\/p>\n<h4 style=\"color: #132d8a; text-align: center;\">Certificaciones<\/h4>\n<p style=\"text-align: center;\">Contamos con certificaciones de importantes entes de control a nivel nacional que nos reconocen como una compa\u00f1\u00eda \u00edntegra en el apoyo y gesti\u00f3n de las operaciones de comercio internacional.<\/p>\n<p style=\"text-align: center;\">ISO 9001:2015<br \/>\nOEA<\/p>\n<p style=\"text-align: center;\"><a class=\"Btn-age\" href=\"\/site\/oea\/\">Ver m\u00e1s<\/a><\/p>\n<p>[\/vc_column_text][\/vc_column_inner][vc_column_inner width=&#8221;1\/3&#8243;][vc_column_text css_animation=&#8221;slideInRight&#8221;]<img loading=\"lazy\" class=\"wp-image-1922 size-full aligncenter\" src=\"https:\/\/www.agecoldex.com\/site\/wp-content\/uploads\/2020\/10\/Smto-3.png\" alt=\"\" width=\"200\" height=\"200\" srcset=\"https:\/\/www.agecoldex.com\/site\/wp-content\/uploads\/2020\/10\/Smto-3.png 200w, https:\/\/www.agecoldex.com\/site\/wp-content\/uploads\/2020\/10\/Smto-3-150x150.png 150w\" sizes=\"(max-width: 200px) 100vw, 200px\" \/><\/p>\n<h4 style=\"color: #132d8a; text-align: center;\">Promesa de servicio<\/h4>\n<p style=\"text-align: center;\">Tenemos la capacidad operativa necesaria que nos permite cumplir a nuestros clientes con tiempos de entrega de servicio altamente competitivos.<br \/>\nPara validar los tiempos por sucursal<\/p>\n<p style=\"text-align: center;\"><a class=\"Btn-age\" href=\"\/site\/servicios-logisticos-integrados\/\">Ver m\u00e1s<\/a><\/p>\n<p>[\/vc_column_text][\/vc_column_inner][\/vc_row_inner][vc_row_inner equal_height=&#8221;yes&#8221;][vc_column_inner width=&#8221;1\/6&#8243;][\/vc_column_inner][vc_column_inner width=&#8221;2\/6&#8243;][vc_column_text css_animation=&#8221;slideInUp&#8221;]<img loading=\"lazy\" class=\"wp-image-1923 size-full aligncenter\" src=\"https:\/\/www.agecoldex.com\/site\/wp-content\/uploads\/2020\/10\/Smto-4.png\" alt=\"\" width=\"200\" height=\"200\" srcset=\"https:\/\/www.agecoldex.com\/site\/wp-content\/uploads\/2020\/10\/Smto-4.png 200w, https:\/\/www.agecoldex.com\/site\/wp-content\/uploads\/2020\/10\/Smto-4-150x150.png 150w\" sizes=\"(max-width: 200px) 100vw, 200px\" \/><\/p>\n<h4 style=\"color: #132d8a; text-align: center;\">Afiliaciones<\/h4>\n<p style=\"text-align: center;\">ANALDEX<br \/>\nLEGISCOMEX<br \/>\nADICOMEX<br \/>\nFITAC<br \/>\nINFORMA COLOMBIA<br \/>\nC\u00e1maras de Comercio<\/p>\n<p style=\"text-align: center;\"><a class=\"Btn-age\" href=\"\/site\/servicios-logisticos-integrados\/\">Ver m\u00e1s<\/a><\/p>\n<p>[\/vc_column_text][\/vc_column_inner][vc_column_inner width=&#8221;2\/6&#8243;][vc_column_text css_animation=&#8221;slideInUp&#8221;]<img loading=\"lazy\" class=\"wp-image-1924 size-full aligncenter\" src=\"https:\/\/www.agecoldex.com\/site\/wp-content\/uploads\/2020\/10\/Smto-5.png\" alt=\"\" width=\"200\" height=\"200\" srcset=\"https:\/\/www.agecoldex.com\/site\/wp-content\/uploads\/2020\/10\/Smto-5.png 200w, https:\/\/www.agecoldex.com\/site\/wp-content\/uploads\/2020\/10\/Smto-5-150x150.png 150w\" sizes=\"(max-width: 200px) 100vw, 200px\" \/><\/p>\n<h4 style=\"color: #132d8a; text-align: center;\">P\u00f3liza<\/h4>\n<p style=\"text-align: center;\">Desde marzo 23 de 2011, contratamos la p\u00f3liza de responsabilidad civil por errores y omisiones con una cobertura de $400 mil USD, que nos permite proteger el patrimonio de nuestros clientes y el propio.<\/p>\n<p style=\"text-align: center;\"><a class=\"Btn-age\" href=\"\/site\/servicios-logisticos-integrados\/\">Ver m\u00e1s<\/a><\/p>\n<p>[\/vc_column_text][\/vc_column_inner][vc_column_inner width=&#8221;1\/6&#8243;][\/vc_column_inner][\/vc_row_inner][vc_empty_space height=&#8221;64px&#8221; el_class=&#8221;espacio&#8221;][\/vc_column][\/vc_row][vc_row full_width=&#8221;stretch_row&#8221; css_animation=&#8221;none&#8221; disable_element=&#8221;yes&#8221; el_class=&#8221;DecContent-items secciones&#8221;][vc_column][vc_empty_space height=&#8221;64px&#8221; el_class=&#8221;espacio&#8221;][vc_custom_heading text=&#8221;SOMOS TU MEJOR OPCI\u00d3N&#8221; font_container=&#8221;tag:h3|text_align:center|color:%23132d8a&#8221; use_theme_fonts=&#8221;yes&#8221; el_class=&#8221;DecTitle&#8221;][vc_empty_space][vc_row_inner equal_height=&#8221;yes&#8221; content_placement=&#8221;middle&#8221; gap=&#8221;35&#8243; el_class=&#8221;items-somos&#8221; css=&#8221;.vc_custom_1597862687679{background-image: url(https:\/\/www.agecoldex.com\/site\/wp-content\/uploads\/2020\/08\/fondo-somos-tu-mejor-opcion.png?id=854) !important;background-position: 0 0 !important;background-repeat: no-repeat !important;}&#8221;][vc_column_inner width=&#8221;1\/2&#8243; css=&#8221;.vc_custom_1597084456037{padding-right: 30px !important;padding-left: 30px !important;}&#8221;][vc_column_text css_animation=&#8221;slideInDown&#8221; css=&#8221;.vc_custom_1597088119850{padding-top: 30px !important;padding-right: 15px !important;padding-bottom: 30px !important;padding-left: 15px !important;background-color: #ffffff !important;}&#8221; el_class=&#8221;caja-somos&#8221;]<img loading=\"lazy\" class=\"size-medium wp-image-151 aligncenter\" src=\"https:\/\/agecoldex.leonweb.tk\/wp-content\/uploads\/2020\/07\/Componente-11-\u2013-12-300x300.png\" alt=\"\" width=\"300\" height=\"300\" srcset=\"https:\/\/www.agecoldex.com\/site\/wp-content\/uploads\/2020\/07\/Componente-11-\u2013-12-300x300.png 300w, https:\/\/www.agecoldex.com\/site\/wp-content\/uploads\/2020\/07\/Componente-11-\u2013-12-150x150.png 150w, https:\/\/www.agecoldex.com\/site\/wp-content\/uploads\/2020\/07\/Componente-11-\u2013-12.png 400w\" sizes=\"(max-width: 300px) 100vw, 300px\" \/><\/p>\n<h3 style=\"color: #132d8a; text-align: center;\">Innovaci\u00f3n Tecnol\u00f3gica<\/h3>\n<p style=\"text-align: center;\">Invertimos en tecnolog\u00eda de punta, para garantizar operaciones eficientes, seguras, confiables y oportunas, que respondan a las necesidades de nuestros clientes.<\/p>\n<p style=\"text-align: center;\"><a class=\"Btn-age\" href=\"\/site\/innovacion-tecnologica\/\">Ver m\u00e1s<\/a><\/p>\n<p>[\/vc_column_text][vc_empty_space][vc_column_text css_animation=&#8221;slideInDown&#8221; css=&#8221;.vc_custom_1597088396177{padding-top: 15px !important;padding-right: 15px !important;padding-bottom: 15px !important;padding-left: 15px !important;background-color: #ffffff !important;}&#8221; el_class=&#8221;caja-somos&#8221;]<img loading=\"lazy\" class=\"wp-image-153 size-medium aligncenter\" src=\"https:\/\/agecoldex.leonweb.tk\/wp-content\/uploads\/2020\/07\/Componente-14-\u2013-4-300x300.png\" alt=\"\" width=\"300\" height=\"300\" srcset=\"https:\/\/www.agecoldex.com\/site\/wp-content\/uploads\/2020\/07\/Componente-14-\u2013-4-300x300.png 300w, https:\/\/www.agecoldex.com\/site\/wp-content\/uploads\/2020\/07\/Componente-14-\u2013-4-150x150.png 150w, https:\/\/www.agecoldex.com\/site\/wp-content\/uploads\/2020\/07\/Componente-14-\u2013-4.png 400w\" sizes=\"(max-width: 300px) 100vw, 300px\" \/><\/p>\n<h3 style=\"color: #132d8a; text-align: center;\">Promesa de servicio<\/h3>\n<p style=\"text-align: center;\">Tenemos la capacidad operativa necesaria que nos permite cumplir a nuestros clientes con tiempos de entrega de servicio altamente competitivos.<br \/>\nPara validar los tiempos por sucursal<\/p>\n<p style=\"text-align: center;\"><a class=\"Btn-age\" href=\"\/site\/servicios-logisticos-integrados\/\">Ver m\u00e1s<\/a><\/p>\n<p>[\/vc_column_text][vc_empty_space][vc_column_text css_animation=&#8221;slideInDown&#8221; css=&#8221;.vc_custom_1597087900435{padding-top: 15px !important;padding-right: 15px !important;padding-bottom: 15px !important;padding-left: 15px !important;background-color: #ffffff !important;}&#8221; el_class=&#8221;caja-somos&#8221;]<img loading=\"lazy\" class=\"size-medium wp-image-155 aligncenter\" src=\"https:\/\/agecoldex.leonweb.tk\/wp-content\/uploads\/2020\/07\/Componente-17-\u2013-3-300x300.png\" alt=\"\" width=\"300\" height=\"300\" srcset=\"https:\/\/www.agecoldex.com\/site\/wp-content\/uploads\/2020\/07\/Componente-17-\u2013-3-300x300.png 300w, https:\/\/www.agecoldex.com\/site\/wp-content\/uploads\/2020\/07\/Componente-17-\u2013-3-150x150.png 150w, https:\/\/www.agecoldex.com\/site\/wp-content\/uploads\/2020\/07\/Componente-17-\u2013-3.png 400w\" sizes=\"(max-width: 300px) 100vw, 300px\" \/><\/p>\n<h3 style=\"color: #132d8a; text-align: center;\">P\u00f3liza<\/h3>\n<p style=\"text-align: center;\">Desde marzo 23 de 2011, contratamos la p\u00f3liza de responsabilidad civil por errores y omisiones con una cobertura de $400 mil USD, que nos permite proteger el patrimonio de nuestros clientes y el propio.<\/p>\n<p style=\"text-align: center;\"><a class=\"Btn-age\" href=\"\/site\/servicios-logisticos-integrados\/\">Ver m\u00e1s<\/a><\/p>\n<p>[\/vc_column_text][\/vc_column_inner][vc_column_inner width=&#8221;1\/2&#8243; css=&#8221;.vc_custom_1597084465427{padding-right: 30px !important;padding-left: 30px !important;}&#8221;][vc_column_text css_animation=&#8221;slideInDown&#8221; css=&#8221;.vc_custom_1598651667089{padding-top: 30px !important;padding-right: 15px !important;padding-bottom: 30px !important;padding-left: 15px !important;background-color: #ffffff !important;}&#8221; el_class=&#8221;caja-somos&#8221;]<img loading=\"lazy\" class=\"size-medium wp-image-152 aligncenter\" src=\"https:\/\/agecoldex.leonweb.tk\/wp-content\/uploads\/2020\/07\/Componente-13-\u2013-4-300x300.png\" alt=\"\" width=\"300\" height=\"300\" srcset=\"https:\/\/www.agecoldex.com\/site\/wp-content\/uploads\/2020\/07\/Componente-13-\u2013-4-300x300.png 300w, https:\/\/www.agecoldex.com\/site\/wp-content\/uploads\/2020\/07\/Componente-13-\u2013-4-150x150.png 150w, https:\/\/www.agecoldex.com\/site\/wp-content\/uploads\/2020\/07\/Componente-13-\u2013-4.png 400w\" sizes=\"(max-width: 300px) 100vw, 300px\" \/><\/p>\n<h3 style=\"color: #132d8a; text-align: center;\">Certificaciones<\/h3>\n<p style=\"text-align: center;\">Contamos con certificaciones de importantes entes de control a nivel nacional que nos reconocen como una compa\u00f1\u00eda \u00edntegra en el apoyo y gesti\u00f3n de las operaciones de comercio internacional.<\/p>\n<p style=\"text-align: center;\">ISO 9001:2015<br \/>\nOEA<\/p>\n<p style=\"text-align: center;\"><a class=\"Btn-age\" href=\"\/site\/oea\/\">Ver m\u00e1s<\/a><\/p>\n<p>[\/vc_column_text][vc_empty_space][vc_column_text css_animation=&#8221;slideInDown&#8221; css=&#8221;.vc_custom_1597087893147{padding-top: 15px !important;padding-right: 15px !important;padding-bottom: 15px !important;padding-left: 15px !important;background-color: #ffffff !important;}&#8221; el_class=&#8221;caja-somos&#8221;]<img loading=\"lazy\" class=\"size-medium wp-image-154 aligncenter\" src=\"https:\/\/agecoldex.leonweb.tk\/wp-content\/uploads\/2020\/07\/Componente-15-\u2013-4-300x300.png\" alt=\"\" width=\"300\" height=\"300\" srcset=\"https:\/\/www.agecoldex.com\/site\/wp-content\/uploads\/2020\/07\/Componente-15-\u2013-4-300x300.png 300w, https:\/\/www.agecoldex.com\/site\/wp-content\/uploads\/2020\/07\/Componente-15-\u2013-4-150x150.png 150w, https:\/\/www.agecoldex.com\/site\/wp-content\/uploads\/2020\/07\/Componente-15-\u2013-4.png 400w\" sizes=\"(max-width: 300px) 100vw, 300px\" \/><\/p>\n<h3 style=\"color: #132d8a; text-align: center;\">Afiliaciones<\/h3>\n<p style=\"text-align: center;\">ANALDEX<br \/>\nLEGISCOMEX<br \/>\nADICOMEX<br \/>\nFITAC<br \/>\nINFORMA COLOMBIA<br \/>\nC\u00e1maras de Comercio<\/p>\n<p style=\"text-align: center;\"><a class=\"Btn-age\" href=\"\/site\/servicios-logisticos-integrados\/\">Ver m\u00e1s<\/a><\/p>\n<p>[\/vc_column_text][\/vc_column_inner][\/vc_row_inner][vc_empty_space height=&#8221;64px&#8221; el_class=&#8221;espacio&#8221;][\/vc_column][\/vc_row][vc_row css_animation=&#8221;slideInUp&#8221;][vc_column][vc_separator style=&#8221;shadow&#8221; border_width=&#8221;2&#8243; el_width=&#8221;50&#8243;][vc_empty_space height=&#8221;64px&#8221; el_class=&#8221;espacio&#8221;][vc_custom_heading text=&#8221;CONOCE NUESTROS CLIENTES DEL SERVICIO DE AGENCIAMIENTO ADUANERO&#8221; font_container=&#8221;tag:h3|text_align:center|color:%23132d8a&#8221; use_theme_fonts=&#8221;yes&#8221; el_class=&#8221;DecTitle&#8221;][vc_empty_space][vc_row_inner equal_height=&#8221;yes&#8221; content_placement=&#8221;middle&#8221; gap=&#8221;35&#8243;][vc_column_inner width=&#8221;1\/5&#8243;][vc_single_image image=&#8221;197&#8243; img_size=&#8221;full&#8221; alignment=&#8221;center&#8221;][\/vc_column_inner][vc_column_inner width=&#8221;1\/5&#8243;][vc_single_image image=&#8221;196&#8243; img_size=&#8221;full&#8221; alignment=&#8221;center&#8221;][\/vc_column_inner][vc_column_inner width=&#8221;1\/5&#8243;][vc_single_image image=&#8221;187&#8243; img_size=&#8221;full&#8221; alignment=&#8221;center&#8221;][\/vc_column_inner][vc_column_inner width=&#8221;1\/5&#8243;][vc_single_image image=&#8221;188&#8243; img_size=&#8221;full&#8221; alignment=&#8221;center&#8221;][\/vc_column_inner][vc_column_inner width=&#8221;1\/5&#8243;][vc_single_image image=&#8221;189&#8243; img_size=&#8221;full&#8221; alignment=&#8221;center&#8221;][\/vc_column_inner][\/vc_row_inner][vc_row_inner equal_height=&#8221;yes&#8221; content_placement=&#8221;middle&#8221; gap=&#8221;35&#8243;][vc_column_inner width=&#8221;1\/5&#8243;][vc_single_image image=&#8221;194&#8243; img_size=&#8221;full&#8221; alignment=&#8221;center&#8221;][\/vc_column_inner][vc_column_inner width=&#8221;1\/5&#8243;][vc_single_image image=&#8221;193&#8243; img_size=&#8221;full&#8221; alignment=&#8221;center&#8221;][\/vc_column_inner][vc_column_inner width=&#8221;1\/5&#8243;][vc_single_image image=&#8221;192&#8243; img_size=&#8221;full&#8221; alignment=&#8221;center&#8221;][\/vc_column_inner][vc_column_inner width=&#8221;1\/5&#8243;][vc_single_image image=&#8221;191&#8243; img_size=&#8221;full&#8221; alignment=&#8221;center&#8221;][\/vc_column_inner][vc_column_inner width=&#8221;1\/5&#8243;][vc_single_image image=&#8221;190&#8243; img_size=&#8221;full&#8221; alignment=&#8221;center&#8221;][\/vc_column_inner][\/vc_row_inner][vc_row_inner equal_height=&#8221;yes&#8221; content_placement=&#8221;middle&#8221; gap=&#8221;35&#8243;][vc_column_inner width=&#8221;1\/5&#8243;][vc_single_image image=&#8221;205&#8243; img_size=&#8221;full&#8221; alignment=&#8221;center&#8221;][\/vc_column_inner][vc_column_inner width=&#8221;1\/5&#8243;][vc_single_image image=&#8221;204&#8243; img_size=&#8221;full&#8221; alignment=&#8221;center&#8221;][\/vc_column_inner][vc_column_inner width=&#8221;1\/5&#8243;][vc_single_image image=&#8221;211&#8243; img_size=&#8221;full&#8221; alignment=&#8221;center&#8221;][\/vc_column_inner][vc_column_inner width=&#8221;1\/5&#8243;][vc_single_image image=&#8221;203&#8243; img_size=&#8221;full&#8221; alignment=&#8221;center&#8221;][\/vc_column_inner][vc_column_inner width=&#8221;1\/5&#8243;][vc_single_image image=&#8221;202&#8243; img_size=&#8221;full&#8221; alignment=&#8221;center&#8221;][\/vc_column_inner][\/vc_row_inner][vc_empty_space height=&#8221;64px&#8221; el_class=&#8221;espacio&#8221;][\/vc_column][\/vc_row]<\/p>\n<\/div>","protected":false},"excerpt":{"rendered":"<p>[vc_row full_width=&#8221;stretch_row&#8221; css_animation=&#8221;fadeIn&#8221; css=&#8221;.vc_custom_1658257936815{padding-top: 10px !important;padding-bottom: 10px !important;background-image: url(https:\/\/www.agecoldex.com\/site\/wp-content\/uploads\/2020\/09\/seguimiento-de-operaciones-header.png?id=1837) !important;}&#8221; el_class=&#8221;banner&#8221;][vc_column][vc_column_text css=&#8221;.vc_custom_1597325944535{margin-top: 0px !important;margin-bottom: 0px !important;}&#8221;] POL\u00cdTICA DE PROTECCI\u00d3N DE DATOS PERSONALES [\/vc_column_text][\/vc_column][\/vc_row][vc_row full_width=&#8221;stretch_row&#8221; css_animation=&#8221;slideInUp&#8221; el_class=&#8221;DecContent secciones&#8221;][vc_column][vc_empty_space height=&#8221;64px&#8221; el_class=&#8221;espacio&#8221;][vc_custom_heading text=&#8221;CONOCE NUESTRA POL\u00cdTICA DE PROTECCI\u00d3N DE DATOS PERSONALES&#8221; font_container=&#8221;tag:h3|text_align:center|color:%23132d8a&#8221; use_theme_fonts=&#8221;yes&#8221; el_class=&#8221;DecTitle&#8221;][vc_empty_space][vc_row_inner equal_height=&#8221;yes&#8221; content_placement=&#8221;middle&#8221;][vc_column_inner][vc_column_text css=&#8221;&#8221;][\/vc_column_text][\/vc_column_inner][\/vc_row_inner][vc_empty_space height=&#8221;64px&#8221; el_class=&#8221;espacio&#8221;][\/vc_column][\/vc_row][vc_row full_width=&#8221;stretch_row&#8221; css_animation=&#8221;none&#8221; el_class=&#8221;DecContent secciones seccion-conoce-servicios&#8221;][vc_column][vc_empty_space height=&#8221;64px&#8221; el_class=&#8221;espacio&#8221;][vc_custom_heading text=&#8221;SOMOS TU MEJOR &hellip;<\/p>\n<p class=\"read-more\"> <a class=\"\" href=\"https:\/\/www.agecoldex.com\/site\/tratamiento-de-datos-personales\/\"> <span class=\"screen-reader-text\">Tratamiento de Datos Personales<\/span> Leer m\u00e1s &raquo;<\/a><\/p>\n","protected":false},"author":1,"featured_media":0,"parent":0,"menu_order":0,"comment_status":"closed","ping_status":"closed","template":"","meta":[],"_links":{"self":[{"href":"https:\/\/www.agecoldex.com\/site\/wp-json\/wp\/v2\/pages\/423"}],"collection":[{"href":"https:\/\/www.agecoldex.com\/site\/wp-json\/wp\/v2\/pages"}],"about":[{"href":"https:\/\/www.agecoldex.com\/site\/wp-json\/wp\/v2\/types\/page"}],"author":[{"embeddable":true,"href":"https:\/\/www.agecoldex.com\/site\/wp-json\/wp\/v2\/users\/1"}],"replies":[{"embeddable":true,"href":"https:\/\/www.agecoldex.com\/site\/wp-json\/wp\/v2\/comments?post=423"}],"version-history":[{"count":26,"href":"https:\/\/www.agecoldex.com\/site\/wp-json\/wp\/v2\/pages\/423\/revisions"}],"predecessor-version":[{"id":2515,"href":"https:\/\/www.agecoldex.com\/site\/wp-json\/wp\/v2\/pages\/423\/revisions\/2515"}],"wp:attachment":[{"href":"https:\/\/www.agecoldex.com\/site\/wp-json\/wp\/v2\/media?parent=423"}],"curies":[{"name":"wp","href":"https:\/\/api.w.org\/{rel}","templated":true}]}}