{"id":440,"date":"2020-07-26T22:08:12","date_gmt":"2020-07-26T22:08:12","guid":{"rendered":"http:\/\/agecoldex.leonweb.tk\/?page_id=440"},"modified":"2025-05-10T14:48:34","modified_gmt":"2025-05-10T14:48:34","slug":"estados-financieros","status":"publish","type":"page","link":"https:\/\/www.agecoldex.com\/site\/estados-financieros\/","title":{"rendered":"Estados Financieros"},"content":{"rendered":"<div class=\"wpb-content-wrapper\"><p>[vc_row full_width=&#8221;stretch_row&#8221; css_animation=&#8221;fadeIn&#8221; el_class=&#8221;banner&#8221; css=&#8221;.vc_custom_1658257784854{padding-top: 10px !important;padding-bottom: 10px !important;background-image: url(https:\/\/www.agecoldex.com\/site\/wp-content\/uploads\/2020\/09\/seguimiento-de-operaciones-header.png?id=1837) !important;}&#8221;][vc_column][vc_column_text css=&#8221;.vc_custom_1597326658953{margin-top: 0px !important;margin-bottom: 0px !important;}&#8221;]<\/p>\n<h2 style=\"text-align: left; color: #ddb41f;\"><span class=\"titulo-1\" style=\"color: #fff; font-size: 40px;\">Estados <\/span><br \/><span class=\"titulo-2\" style=\"font-weight: bold; font-size: 45px;\">Estados Financieros<\/span><\/h2>\n<p>[\/vc_column_text][\/vc_column][\/vc_row][vc_row full_width=&#8221;stretch_row&#8221; css_animation=&#8221;slideInUp&#8221; el_class=&#8221;DecContent&#8221;][vc_column][vc_empty_space height=&#8221;64px&#8221; el_class=&#8221;espacio&#8221;][vc_row_inner equal_height=&#8221;yes&#8221; content_placement=&#8221;middle&#8221;][vc_column_inner][vc_gutenberg]<\/p>\n\n\n<div class=\"wp-block-file\"><object class=\"wp-block-file__embed\" data=\"https:\/\/www.agecoldex.com\/site\/wp-content\/uploads\/2025\/05\/1.-Estados-Financieros-comparativos-2024-2023-Agecoldex.pdf\" type=\"application\/pdf\" style=\"width:100%;height:600px\" aria-label=\"Incrustado de 1.-Estados-Financieros-comparativos-2024-2023-Agecoldex.\"><\/object><a id=\"wp-block-file--media-cc6e56f3-3795-4bd4-94a6-1ae04bd2d4e3\" href=\"https:\/\/www.agecoldex.com\/site\/wp-content\/uploads\/2025\/05\/1.-Estados-Financieros-comparativos-2024-2023-Agecoldex.pdf\">1.-Estados-Financieros-comparativos-2024-2023-Agecoldex<\/a><\/div>\n\n\n<p>[\/vc_gutenberg][\/vc_column_inner][\/vc_row_inner][vc_empty_space height=&#8221;64px&#8221; el_class=&#8221;espacio&#8221;][\/vc_column][\/vc_row][vc_row full_width=&#8221;stretch_row&#8221; css_animation=&#8221;none&#8221; el_class=&#8221;DecContent secciones seccion-conoce-servicios&#8221;][vc_column][vc_empty_space height=&#8221;64px&#8221; el_class=&#8221;espacio&#8221;][vc_custom_heading text=&#8221;SOMOS TU MEJOR OPCI\u00d3N&#8221; font_container=&#8221;tag:h3|text_align:center|color:%23132d8a&#8221; use_theme_fonts=&#8221;yes&#8221; el_class=&#8221;DecTitle&#8221;][vc_empty_space height=&#8221;64px&#8221; el_class=&#8221;espacio&#8221;][vc_row_inner equal_height=&#8221;yes&#8221;][vc_column_inner width=&#8221;1\/3&#8243;][vc_column_text css_animation=&#8221;slideInLeft&#8221;]<img loading=\"lazy\" class=\"wp-image-1920 size-full aligncenter\" src=\"https:\/\/www.agecoldex.com\/site\/wp-content\/uploads\/2020\/10\/Smto-1.png\" alt=\"\" width=\"200\" height=\"200\" srcset=\"https:\/\/www.agecoldex.com\/site\/wp-content\/uploads\/2020\/10\/Smto-1.png 200w, https:\/\/www.agecoldex.com\/site\/wp-content\/uploads\/2020\/10\/Smto-1-150x150.png 150w\" sizes=\"(max-width: 200px) 100vw, 200px\" \/><\/p>\n<h4 style=\"text-align: center; color: #132d8a;\">Innovaci\u00f3n Tecnol\u00f3gica<\/h4>\n<p style=\"text-align: center;\">Invertimos en tecnolog\u00eda de punta, para garantizar operaciones eficientes, seguras, confiables y oportunas, que respondan a las necesidades de nuestros clientes.<\/p>\n<p style=\"text-align: center;\"><a class=\"Btn-age\" href=\"\/site\/innovacion-tecnologica\/\">Ver m\u00e1s<\/a><\/p>\n<p>[\/vc_column_text][\/vc_column_inner][vc_column_inner width=&#8221;1\/3&#8243;][vc_column_text css_animation=&#8221;slideInUp&#8221;]<img loading=\"lazy\" class=\"size-full wp-image-1921 aligncenter\" src=\"https:\/\/www.agecoldex.com\/site\/wp-content\/uploads\/2020\/10\/Smto-2.png\" alt=\"\" width=\"200\" height=\"200\" srcset=\"https:\/\/www.agecoldex.com\/site\/wp-content\/uploads\/2020\/10\/Smto-2.png 200w, https:\/\/www.agecoldex.com\/site\/wp-content\/uploads\/2020\/10\/Smto-2-150x150.png 150w\" sizes=\"(max-width: 200px) 100vw, 200px\" \/><\/p>\n<h4 style=\"color: #132d8a; text-align: center;\">Certificaciones<\/h4>\n<p style=\"text-align: center;\">Contamos con certificaciones de importantes entes de control a nivel nacional que nos reconocen como una compa\u00f1\u00eda \u00edntegra en el apoyo y gesti\u00f3n de las operaciones de comercio internacional.<\/p>\n<p style=\"text-align: center;\">ISO 9001:2015<br>OEA<\/p>\n<p style=\"text-align: center;\"><a class=\"Btn-age\" href=\"\/site\/oea\/\">Ver m\u00e1s<\/a><\/p>\n<p>[\/vc_column_text][\/vc_column_inner][vc_column_inner width=&#8221;1\/3&#8243;][vc_column_text css_animation=&#8221;slideInRight&#8221;]<img loading=\"lazy\" class=\"wp-image-1922 size-full aligncenter\" src=\"https:\/\/www.agecoldex.com\/site\/wp-content\/uploads\/2020\/10\/Smto-3.png\" alt=\"\" width=\"200\" height=\"200\" srcset=\"https:\/\/www.agecoldex.com\/site\/wp-content\/uploads\/2020\/10\/Smto-3.png 200w, https:\/\/www.agecoldex.com\/site\/wp-content\/uploads\/2020\/10\/Smto-3-150x150.png 150w\" sizes=\"(max-width: 200px) 100vw, 200px\" \/><\/p>\n<h4 style=\"color: #132d8a; text-align: center;\">Promesa de servicio<\/h4>\n<p style=\"text-align: center;\">Tenemos la capacidad operativa necesaria que nos permite cumplir a nuestros clientes con tiempos de entrega de servicio altamente competitivos.<br>Para validar los tiempos por sucursal<\/p>\n<p style=\"text-align: center;\"><a class=\"Btn-age\" href=\"\/site\/servicios-logisticos-integrados\/\">Ver m\u00e1s<\/a><\/p>\n<p>[\/vc_column_text][\/vc_column_inner][\/vc_row_inner][vc_row_inner equal_height=&#8221;yes&#8221;][vc_column_inner width=&#8221;1\/6&#8243;][\/vc_column_inner][vc_column_inner width=&#8221;2\/6&#8243;][vc_column_text css_animation=&#8221;slideInUp&#8221;]<img loading=\"lazy\" class=\"wp-image-1923 size-full aligncenter\" src=\"https:\/\/www.agecoldex.com\/site\/wp-content\/uploads\/2020\/10\/Smto-4.png\" alt=\"\" width=\"200\" height=\"200\" srcset=\"https:\/\/www.agecoldex.com\/site\/wp-content\/uploads\/2020\/10\/Smto-4.png 200w, https:\/\/www.agecoldex.com\/site\/wp-content\/uploads\/2020\/10\/Smto-4-150x150.png 150w\" sizes=\"(max-width: 200px) 100vw, 200px\" \/><\/p>\n<h4 style=\"color: #132d8a; text-align: center;\">Afiliaciones<\/h4>\n<p style=\"text-align: center;\">ANALDEX<br>LEGISCOMEX<br>ADICOMEX<br>FITAC<br>INFORMA COLOMBIA<br>C\u00e1maras de Comercio<\/p>\n<p style=\"text-align: center;\"><a class=\"Btn-age\" href=\"\/site\/servicios-logisticos-integrados\/\">Ver m\u00e1s<\/a><\/p>\n<p>[\/vc_column_text][\/vc_column_inner][vc_column_inner width=&#8221;2\/6&#8243;][vc_column_text css_animation=&#8221;slideInUp&#8221;]<img loading=\"lazy\" class=\"wp-image-1924 size-full aligncenter\" src=\"https:\/\/www.agecoldex.com\/site\/wp-content\/uploads\/2020\/10\/Smto-5.png\" alt=\"\" width=\"200\" height=\"200\" srcset=\"https:\/\/www.agecoldex.com\/site\/wp-content\/uploads\/2020\/10\/Smto-5.png 200w, https:\/\/www.agecoldex.com\/site\/wp-content\/uploads\/2020\/10\/Smto-5-150x150.png 150w\" sizes=\"(max-width: 200px) 100vw, 200px\" \/><\/p>\n<h4 style=\"color: #132d8a; text-align: center;\">P\u00f3liza<\/h4>\n<p style=\"text-align: center;\">Desde marzo 23 de 2011, contratamos la p\u00f3liza de responsabilidad civil por errores y omisiones con una cobertura de $400 mil USD, que nos permite proteger el patrimonio de nuestros clientes y el propio.<\/p>\n<p style=\"text-align: center;\"><a class=\"Btn-age\" href=\"\/site\/servicios-logisticos-integrados\/\">Ver m\u00e1s<\/a><\/p>\n<p>[\/vc_column_text][\/vc_column_inner][vc_column_inner width=&#8221;1\/6&#8243;][\/vc_column_inner][\/vc_row_inner][vc_empty_space height=&#8221;64px&#8221; el_class=&#8221;espacio&#8221;][\/vc_column][\/vc_row][vc_row full_width=&#8221;stretch_row&#8221; css_animation=&#8221;none&#8221; disable_element=&#8221;yes&#8221; el_class=&#8221;DecContent-items secciones&#8221;][vc_column][vc_empty_space height=&#8221;64px&#8221; el_class=&#8221;espacio&#8221;][vc_custom_heading text=&#8221;SOMOS TU MEJOR OPCI\u00d3N&#8221; font_container=&#8221;tag:h3|text_align:center|color:%23132d8a&#8221; use_theme_fonts=&#8221;yes&#8221; el_class=&#8221;DecTitle&#8221;][vc_empty_space][vc_row_inner equal_height=&#8221;yes&#8221; content_placement=&#8221;middle&#8221; gap=&#8221;35&#8243; el_class=&#8221;items-somos&#8221; css=&#8221;.vc_custom_1597862927929{background-image: url(https:\/\/www.agecoldex.com\/site\/wp-content\/uploads\/2020\/08\/fondo-somos-tu-mejor-opcion.png?id=854) !important;background-position: 0 0 !important;background-repeat: no-repeat !important;}&#8221;][vc_column_inner width=&#8221;1\/2&#8243; css=&#8221;.vc_custom_1597084456037{padding-right: 30px !important;padding-left: 30px !important;}&#8221;][vc_column_text css_animation=&#8221;slideInDown&#8221; el_class=&#8221;caja-somos&#8221; css=&#8221;.vc_custom_1597088119850{padding-top: 30px !important;padding-right: 15px !important;padding-bottom: 30px !important;padding-left: 15px !important;background-color: #ffffff !important;}&#8221;]<img loading=\"lazy\" class=\"size-medium wp-image-151 aligncenter\" src=\"https:\/\/agecoldex.leonweb.tk\/wp-content\/uploads\/2020\/07\/Componente-11-\u2013-12-300x300.png\" alt=\"\" width=\"300\" height=\"300\" srcset=\"https:\/\/www.agecoldex.com\/site\/wp-content\/uploads\/2020\/07\/Componente-11-\u2013-12-300x300.png 300w, https:\/\/www.agecoldex.com\/site\/wp-content\/uploads\/2020\/07\/Componente-11-\u2013-12-150x150.png 150w, https:\/\/www.agecoldex.com\/site\/wp-content\/uploads\/2020\/07\/Componente-11-\u2013-12.png 400w\" sizes=\"(max-width: 300px) 100vw, 300px\" \/><\/p>\n<h3 style=\"color: #132d8a; text-align: center;\">Innovaci\u00f3n Tecnol\u00f3gica<\/h3>\n<p style=\"text-align: center;\">Invertimos en tecnolog\u00eda de punta, para garantizar operaciones eficientes, seguras, confiables y oportunas, que respondan a las necesidades de nuestros clientes.<\/p>\n<p style=\"text-align: center;\"><a class=\"Btn-age\" href=\"\/site\/innovacion-tecnologica\/\">Ver m\u00e1s<\/a><\/p>\n<p>[\/vc_column_text][vc_empty_space][vc_column_text css_animation=&#8221;slideInDown&#8221; el_class=&#8221;caja-somos&#8221; css=&#8221;.vc_custom_1597088396177{padding-top: 15px !important;padding-right: 15px !important;padding-bottom: 15px !important;padding-left: 15px !important;background-color: #ffffff !important;}&#8221;]<img loading=\"lazy\" class=\"wp-image-153 size-medium aligncenter\" src=\"https:\/\/agecoldex.leonweb.tk\/wp-content\/uploads\/2020\/07\/Componente-14-\u2013-4-300x300.png\" alt=\"\" width=\"300\" height=\"300\" srcset=\"https:\/\/www.agecoldex.com\/site\/wp-content\/uploads\/2020\/07\/Componente-14-\u2013-4-300x300.png 300w, https:\/\/www.agecoldex.com\/site\/wp-content\/uploads\/2020\/07\/Componente-14-\u2013-4-150x150.png 150w, https:\/\/www.agecoldex.com\/site\/wp-content\/uploads\/2020\/07\/Componente-14-\u2013-4.png 400w\" sizes=\"(max-width: 300px) 100vw, 300px\" \/><\/p>\n<h3 style=\"color: #132d8a; text-align: center;\">Promesa de servicio<\/h3>\n<p style=\"text-align: center;\">Tenemos la capacidad operativa necesaria que nos permite cumplir a nuestros clientes con tiempos de entrega de servicio altamente competitivos.<br>Para validar los tiempos por sucursal<\/p>\n<p style=\"text-align: center;\"><a class=\"Btn-age\" href=\"\/site\/servicios-logisticos-integrados\/\">Ver m\u00e1s<\/a><\/p>\n<p>[\/vc_column_text][vc_empty_space][vc_column_text css_animation=&#8221;slideInDown&#8221; el_class=&#8221;caja-somos&#8221; css=&#8221;.vc_custom_1597087900435{padding-top: 15px !important;padding-right: 15px !important;padding-bottom: 15px !important;padding-left: 15px !important;background-color: #ffffff !important;}&#8221;]<img loading=\"lazy\" class=\"size-medium wp-image-155 aligncenter\" src=\"https:\/\/agecoldex.leonweb.tk\/wp-content\/uploads\/2020\/07\/Componente-17-\u2013-3-300x300.png\" alt=\"\" width=\"300\" height=\"300\" srcset=\"https:\/\/www.agecoldex.com\/site\/wp-content\/uploads\/2020\/07\/Componente-17-\u2013-3-300x300.png 300w, https:\/\/www.agecoldex.com\/site\/wp-content\/uploads\/2020\/07\/Componente-17-\u2013-3-150x150.png 150w, https:\/\/www.agecoldex.com\/site\/wp-content\/uploads\/2020\/07\/Componente-17-\u2013-3.png 400w\" sizes=\"(max-width: 300px) 100vw, 300px\" \/><\/p>\n<h3 style=\"color: #132d8a; text-align: center;\">P\u00f3liza<\/h3>\n<p style=\"text-align: center;\">Desde marzo 23 de 2011, contratamos la p\u00f3liza de responsabilidad civil por errores y omisiones con una cobertura de $400 mil USD, que nos permite proteger el patrimonio de nuestros clientes y el propio.<\/p>\n<p style=\"text-align: center;\"><a class=\"Btn-age\" href=\"\/site\/servicios-logisticos-integrados\/\">Ver m\u00e1s<\/a><\/p>\n<p>[\/vc_column_text][\/vc_column_inner][vc_column_inner width=&#8221;1\/2&#8243; css=&#8221;.vc_custom_1597084465427{padding-right: 30px !important;padding-left: 30px !important;}&#8221;][vc_column_text css_animation=&#8221;slideInDown&#8221; el_class=&#8221;caja-somos&#8221; css=&#8221;.vc_custom_1598651701565{padding-top: 30px !important;padding-right: 15px !important;padding-bottom: 30px !important;padding-left: 15px !important;background-color: #ffffff !important;}&#8221;]<img loading=\"lazy\" class=\"size-medium wp-image-152 aligncenter\" src=\"https:\/\/agecoldex.leonweb.tk\/wp-content\/uploads\/2020\/07\/Componente-13-\u2013-4-300x300.png\" alt=\"\" width=\"300\" height=\"300\" srcset=\"https:\/\/www.agecoldex.com\/site\/wp-content\/uploads\/2020\/07\/Componente-13-\u2013-4-300x300.png 300w, https:\/\/www.agecoldex.com\/site\/wp-content\/uploads\/2020\/07\/Componente-13-\u2013-4-150x150.png 150w, https:\/\/www.agecoldex.com\/site\/wp-content\/uploads\/2020\/07\/Componente-13-\u2013-4.png 400w\" sizes=\"(max-width: 300px) 100vw, 300px\" \/><\/p>\n<h3 style=\"color: #132d8a; text-align: center;\">Certificaciones<\/h3>\n<p style=\"text-align: center;\">Contamos con certificaciones de importantes entes de control a nivel nacional que nos reconocen como una compa\u00f1\u00eda \u00edntegra en el apoyo y gesti\u00f3n de las operaciones de comercio internacional.<\/p>\n<p style=\"text-align: center;\">ISO 9001:2015<br>OEA<\/p>\n<p style=\"text-align: center;\"><a class=\"Btn-age\" href=\"\/site\/oea\/\">Ver m\u00e1s<\/a><\/p>\n<p>[\/vc_column_text][vc_empty_space][vc_column_text css_animation=&#8221;slideInDown&#8221; el_class=&#8221;caja-somos&#8221; css=&#8221;.vc_custom_1597087893147{padding-top: 15px !important;padding-right: 15px !important;padding-bottom: 15px !important;padding-left: 15px !important;background-color: #ffffff !important;}&#8221;]<img loading=\"lazy\" class=\"size-medium wp-image-154 aligncenter\" src=\"https:\/\/agecoldex.leonweb.tk\/wp-content\/uploads\/2020\/07\/Componente-15-\u2013-4-300x300.png\" alt=\"\" width=\"300\" height=\"300\" srcset=\"https:\/\/www.agecoldex.com\/site\/wp-content\/uploads\/2020\/07\/Componente-15-\u2013-4-300x300.png 300w, https:\/\/www.agecoldex.com\/site\/wp-content\/uploads\/2020\/07\/Componente-15-\u2013-4-150x150.png 150w, https:\/\/www.agecoldex.com\/site\/wp-content\/uploads\/2020\/07\/Componente-15-\u2013-4.png 400w\" sizes=\"(max-width: 300px) 100vw, 300px\" \/><\/p>\n<h3 style=\"color: #132d8a; text-align: center;\">Afiliaciones<\/h3>\n<p style=\"text-align: center;\">ANALDEX<br>LEGISCOMEX<br>ADICOMEX<br>FITAC<br>INFORMA COLOMBIA<br>C\u00e1maras de Comercio<\/p>\n<p style=\"text-align: center;\"><a class=\"Btn-age\" href=\"\/site\/servicios-logisticos-integrados\/\">Ver m\u00e1s<\/a><\/p>\n<p>[\/vc_column_text][\/vc_column_inner][\/vc_row_inner][vc_empty_space height=&#8221;64px&#8221; el_class=&#8221;espacio&#8221;][\/vc_column][\/vc_row][vc_row css_animation=&#8221;slideInUp&#8221;][vc_column][vc_separator style=&#8221;shadow&#8221; border_width=&#8221;2&#8243;][vc_empty_space height=&#8221;64px&#8221; el_class=&#8221;espacio&#8221;][vc_custom_heading text=&#8221;CONOCE NUESTROS CLIENTES DEL SERVICIO DE AGENCIAMIENTO ADUANERO&#8221; font_container=&#8221;tag:h3|text_align:center|color:%23132d8a&#8221; use_theme_fonts=&#8221;yes&#8221; el_class=&#8221;DecTitle&#8221;][vc_empty_space][vc_row_inner equal_height=&#8221;yes&#8221; content_placement=&#8221;middle&#8221; gap=&#8221;35&#8243;][vc_column_inner width=&#8221;1\/5&#8243;][vc_single_image image=&#8221;197&#8243; img_size=&#8221;full&#8221; alignment=&#8221;center&#8221;][\/vc_column_inner][vc_column_inner width=&#8221;1\/5&#8243;][vc_single_image image=&#8221;196&#8243; img_size=&#8221;full&#8221; alignment=&#8221;center&#8221;][\/vc_column_inner][vc_column_inner width=&#8221;1\/5&#8243;][vc_single_image image=&#8221;187&#8243; img_size=&#8221;full&#8221; alignment=&#8221;center&#8221;][\/vc_column_inner][vc_column_inner width=&#8221;1\/5&#8243;][vc_single_image image=&#8221;188&#8243; img_size=&#8221;full&#8221; alignment=&#8221;center&#8221;][\/vc_column_inner][vc_column_inner width=&#8221;1\/5&#8243;][vc_single_image image=&#8221;189&#8243; img_size=&#8221;full&#8221; alignment=&#8221;center&#8221;][\/vc_column_inner][\/vc_row_inner][vc_row_inner equal_height=&#8221;yes&#8221; content_placement=&#8221;middle&#8221; gap=&#8221;35&#8243;][vc_column_inner width=&#8221;1\/5&#8243;][vc_single_image image=&#8221;194&#8243; img_size=&#8221;full&#8221; alignment=&#8221;center&#8221;][\/vc_column_inner][vc_column_inner width=&#8221;1\/5&#8243;][vc_single_image image=&#8221;193&#8243; img_size=&#8221;full&#8221; alignment=&#8221;center&#8221;][\/vc_column_inner][vc_column_inner width=&#8221;1\/5&#8243;][vc_single_image image=&#8221;192&#8243; img_size=&#8221;full&#8221; alignment=&#8221;center&#8221;][\/vc_column_inner][vc_column_inner width=&#8221;1\/5&#8243;][vc_single_image image=&#8221;191&#8243; img_size=&#8221;full&#8221; alignment=&#8221;center&#8221;][\/vc_column_inner][vc_column_inner width=&#8221;1\/5&#8243;][vc_single_image image=&#8221;190&#8243; img_size=&#8221;full&#8221; alignment=&#8221;center&#8221;][\/vc_column_inner][\/vc_row_inner][vc_row_inner equal_height=&#8221;yes&#8221; content_placement=&#8221;middle&#8221; gap=&#8221;35&#8243;][vc_column_inner width=&#8221;1\/5&#8243;][vc_single_image image=&#8221;205&#8243; img_size=&#8221;full&#8221; alignment=&#8221;center&#8221;][\/vc_column_inner][vc_column_inner width=&#8221;1\/5&#8243;][vc_single_image image=&#8221;204&#8243; img_size=&#8221;full&#8221; alignment=&#8221;center&#8221;][\/vc_column_inner][vc_column_inner width=&#8221;1\/5&#8243;][vc_single_image image=&#8221;211&#8243; img_size=&#8221;full&#8221; alignment=&#8221;center&#8221;][\/vc_column_inner][vc_column_inner width=&#8221;1\/5&#8243;][vc_single_image image=&#8221;203&#8243; img_size=&#8221;full&#8221; alignment=&#8221;center&#8221;][\/vc_column_inner][vc_column_inner width=&#8221;1\/5&#8243;][vc_single_image image=&#8221;202&#8243; img_size=&#8221;full&#8221; alignment=&#8221;center&#8221;][\/vc_column_inner][\/vc_row_inner][vc_empty_space height=&#8221;64px&#8221; el_class=&#8221;espacio&#8221;][\/vc_column][\/vc_row]<\/p><\/div>","protected":false},"excerpt":{"rendered":"<p>[vc_row full_width=&#8221;stretch_row&#8221; css_animation=&#8221;fadeIn&#8221; el_class=&#8221;banner&#8221; css=&#8221;.vc_custom_1658257784854{padding-top: 10px !important;padding-bottom: 10px !important;background-image: url(https:\/\/www.agecoldex.com\/site\/wp-content\/uploads\/2020\/09\/seguimiento-de-operaciones-header.png?id=1837) !important;}&#8221;][vc_column][vc_column_text css=&#8221;.vc_custom_1597326658953{margin-top: 0px !important;margin-bottom: 0px !important;}&#8221;] Estados Estados Financieros [\/vc_column_text][\/vc_column][\/vc_row][vc_row full_width=&#8221;stretch_row&#8221; css_animation=&#8221;slideInUp&#8221; el_class=&#8221;DecContent&#8221;][vc_column][vc_empty_space height=&#8221;64px&#8221; el_class=&#8221;espacio&#8221;][vc_row_inner equal_height=&#8221;yes&#8221; content_placement=&#8221;middle&#8221;][vc_column_inner][vc_gutenberg] [\/vc_gutenberg][\/vc_column_inner][\/vc_row_inner][vc_empty_space height=&#8221;64px&#8221; el_class=&#8221;espacio&#8221;][\/vc_column][\/vc_row][vc_row full_width=&#8221;stretch_row&#8221; css_animation=&#8221;none&#8221; el_class=&#8221;DecContent secciones seccion-conoce-servicios&#8221;][vc_column][vc_empty_space height=&#8221;64px&#8221; el_class=&#8221;espacio&#8221;][vc_custom_heading text=&#8221;SOMOS TU MEJOR OPCI\u00d3N&#8221; font_container=&#8221;tag:h3|text_align:center|color:%23132d8a&#8221; use_theme_fonts=&#8221;yes&#8221; el_class=&#8221;DecTitle&#8221;][vc_empty_space height=&#8221;64px&#8221; el_class=&#8221;espacio&#8221;][vc_row_inner equal_height=&#8221;yes&#8221;][vc_column_inner width=&#8221;1\/3&#8243;][vc_column_text css_animation=&#8221;slideInLeft&#8221;] Innovaci\u00f3n Tecnol\u00f3gica Invertimos en tecnolog\u00eda de &hellip;<\/p>\n<p class=\"read-more\"> <a class=\"\" href=\"https:\/\/www.agecoldex.com\/site\/estados-financieros\/\"> <span class=\"screen-reader-text\">Estados Financieros<\/span> Leer m\u00e1s &raquo;<\/a><\/p>\n","protected":false},"author":1,"featured_media":0,"parent":0,"menu_order":0,"comment_status":"closed","ping_status":"closed","template":"","meta":[],"_links":{"self":[{"href":"https:\/\/www.agecoldex.com\/site\/wp-json\/wp\/v2\/pages\/440"}],"collection":[{"href":"https:\/\/www.agecoldex.com\/site\/wp-json\/wp\/v2\/pages"}],"about":[{"href":"https:\/\/www.agecoldex.com\/site\/wp-json\/wp\/v2\/types\/page"}],"author":[{"embeddable":true,"href":"https:\/\/www.agecoldex.com\/site\/wp-json\/wp\/v2\/users\/1"}],"replies":[{"embeddable":true,"href":"https:\/\/www.agecoldex.com\/site\/wp-json\/wp\/v2\/comments?post=440"}],"version-history":[{"count":22,"href":"https:\/\/www.agecoldex.com\/site\/wp-json\/wp\/v2\/pages\/440\/revisions"}],"predecessor-version":[{"id":2603,"href":"https:\/\/www.agecoldex.com\/site\/wp-json\/wp\/v2\/pages\/440\/revisions\/2603"}],"wp:attachment":[{"href":"https:\/\/www.agecoldex.com\/site\/wp-json\/wp\/v2\/media?parent=440"}],"curies":[{"name":"wp","href":"https:\/\/api.w.org\/{rel}","templated":true}]}}